{"id":58794,"date":"2022-05-18T15:39:15","date_gmt":"2022-05-18T15:39:15","guid":{"rendered":"https:\/\/www.mchale.net\/pouzivani-souboru-cookie\/"},"modified":"2025-06-18T11:18:12","modified_gmt":"2025-06-18T11:18:12","slug":"pouzivani-souboru-cookie","status":"publish","type":"page","link":"https:\/\/www.mchale.net\/cs\/pouzivani-souboru-cookie\/","title":{"rendered":"Pou\u017e\u00edv\u00e1n\u00ed soubor\u016f cookie"},"content":{"rendered":"","protected":false},"excerpt":{"rendered":"","protected":false},"author":3,"featured_media":3511,"parent":0,"menu_order":0,"comment_status":"closed","ping_status":"closed","template":"template_about_us.php","meta":{"_acf_changed":false,"footnotes":""},"class_list":["post-58794","page","type-page","status-publish","has-post-thumbnail","hentry"],"acf":[],"_links":{"self":[{"href":"https:\/\/www.mchale.net\/cs\/wp-json\/wp\/v2\/pages\/58794","targetHints":{"allow":["GET"]}}],"collection":[{"href":"https:\/\/www.mchale.net\/cs\/wp-json\/wp\/v2\/pages"}],"about":[{"href":"https:\/\/www.mchale.net\/cs\/wp-json\/wp\/v2\/types\/page"}],"author":[{"embeddable":true,"href":"https:\/\/www.mchale.net\/cs\/wp-json\/wp\/v2\/users\/3"}],"replies":[{"embeddable":true,"href":"https:\/\/www.mchale.net\/cs\/wp-json\/wp\/v2\/comments?post=58794"}],"version-history":[{"count":1,"href":"https:\/\/www.mchale.net\/cs\/wp-json\/wp\/v2\/pages\/58794\/revisions"}],"predecessor-version":[{"id":122943,"href":"https:\/\/www.mchale.net\/cs\/wp-json\/wp\/v2\/pages\/58794\/revisions\/122943"}],"wp:featuredmedia":[{"embeddable":true,"href":"https:\/\/www.mchale.net\/cs\/wp-json\/wp\/v2\/media\/3511"}],"wp:attachment":[{"href":"https:\/\/www.mchale.net\/cs\/wp-json\/wp\/v2\/media?parent=58794"}],"curies":[{"name":"wp","href":"https:\/\/api.w.org\/{rel}","templated":true}]}}