{"id":58797,"date":"2022-05-18T15:21:28","date_gmt":"2022-05-18T15:21:28","guid":{"rendered":"https:\/\/www.mchale.net\/mchale-uplne-zasady-ochrany-osobnich-udaju\/"},"modified":"2025-06-18T11:19:36","modified_gmt":"2025-06-18T11:19:36","slug":"mchale-uplne-zasady-ochrany-osobnich-udaju","status":"publish","type":"page","link":"https:\/\/www.mchale.net\/cs\/mchale-uplne-zasady-ochrany-osobnich-udaju\/","title":{"rendered":"McHale \u00dapln\u00e9 z\u00e1sady ochrany osobn\u00edch \u00fadaj\u016f"},"content":{"rendered":"","protected":false},"excerpt":{"rendered":"","protected":false},"author":3,"featured_media":3511,"parent":0,"menu_order":0,"comment_status":"closed","ping_status":"closed","template":"template_about_us.php","meta":{"_acf_changed":false,"footnotes":""},"class_list":["post-58797","page","type-page","status-publish","has-post-thumbnail","hentry"],"acf":[],"_links":{"self":[{"href":"https:\/\/www.mchale.net\/cs\/wp-json\/wp\/v2\/pages\/58797","targetHints":{"allow":["GET"]}}],"collection":[{"href":"https:\/\/www.mchale.net\/cs\/wp-json\/wp\/v2\/pages"}],"about":[{"href":"https:\/\/www.mchale.net\/cs\/wp-json\/wp\/v2\/types\/page"}],"author":[{"embeddable":true,"href":"https:\/\/www.mchale.net\/cs\/wp-json\/wp\/v2\/users\/3"}],"replies":[{"embeddable":true,"href":"https:\/\/www.mchale.net\/cs\/wp-json\/wp\/v2\/comments?post=58797"}],"version-history":[{"count":1,"href":"https:\/\/www.mchale.net\/cs\/wp-json\/wp\/v2\/pages\/58797\/revisions"}],"predecessor-version":[{"id":122970,"href":"https:\/\/www.mchale.net\/cs\/wp-json\/wp\/v2\/pages\/58797\/revisions\/122970"}],"wp:featuredmedia":[{"embeddable":true,"href":"https:\/\/www.mchale.net\/cs\/wp-json\/wp\/v2\/media\/3511"}],"wp:attachment":[{"href":"https:\/\/www.mchale.net\/cs\/wp-json\/wp\/v2\/media?parent=58797"}],"curies":[{"name":"wp","href":"https:\/\/api.w.org\/{rel}","templated":true}]}}