{"id":124313,"date":"2025-09-15T11:38:42","date_gmt":"2025-09-15T11:38:42","guid":{"rendered":"https:\/\/www.mchale.net\/products\/r80-90\/"},"modified":"2025-09-15T11:45:22","modified_gmt":"2025-09-15T11:45:22","slug":"r80-90","status":"publish","type":"product","link":"https:\/\/www.mchale.net\/cs\/products\/r80-90\/","title":{"rendered":"R80-90"},"content":{"rendered":"<p>Hr\u00e1b\u011b pro centr\u00e1ln\u00ed dod\u00e1vky<\/p>\n","protected":false},"excerpt":{"rendered":"<p>Hr\u00e1b\u011b pro centr\u00e1ln\u00ed dod\u00e1vky<\/p>\n","protected":false},"author":5,"featured_media":124327,"menu_order":44,"comment_status":"open","ping_status":"open","template":"","format":"standard","meta":{"_acf_changed":false,"footnotes":""},"product-categories":[256],"class_list":["post-124313","product","type-product","status-publish","format-standard","has-post-thumbnail","hentry","product-categories-rake-range-cs"],"acf":[],"_links":{"self":[{"href":"https:\/\/www.mchale.net\/cs\/wp-json\/wp\/v2\/product\/124313","targetHints":{"allow":["GET"]}}],"collection":[{"href":"https:\/\/www.mchale.net\/cs\/wp-json\/wp\/v2\/product"}],"about":[{"href":"https:\/\/www.mchale.net\/cs\/wp-json\/wp\/v2\/types\/product"}],"author":[{"embeddable":true,"href":"https:\/\/www.mchale.net\/cs\/wp-json\/wp\/v2\/users\/5"}],"replies":[{"embeddable":true,"href":"https:\/\/www.mchale.net\/cs\/wp-json\/wp\/v2\/comments?post=124313"}],"version-history":[{"count":1,"href":"https:\/\/www.mchale.net\/cs\/wp-json\/wp\/v2\/product\/124313\/revisions"}],"predecessor-version":[{"id":124341,"href":"https:\/\/www.mchale.net\/cs\/wp-json\/wp\/v2\/product\/124313\/revisions\/124341"}],"wp:featuredmedia":[{"embeddable":true,"href":"https:\/\/www.mchale.net\/cs\/wp-json\/wp\/v2\/media\/124327"}],"wp:attachment":[{"href":"https:\/\/www.mchale.net\/cs\/wp-json\/wp\/v2\/media?parent=124313"}],"wp:term":[{"taxonomy":"product-categories","embeddable":true,"href":"https:\/\/www.mchale.net\/cs\/wp-json\/wp\/v2\/product-categories?post=124313"}],"curies":[{"name":"wp","href":"https:\/\/api.w.org\/{rel}","templated":true}]}}