{"id":58823,"date":"2022-05-18T10:55:49","date_gmt":"2022-05-18T10:55:49","guid":{"rendered":"https:\/\/www.mchale.net\/products\/orbitalni-dvojity-davkovac\/"},"modified":"2023-03-27T13:52:01","modified_gmt":"2023-03-27T13:52:01","slug":"orbitalni-dvojity-davkovac","status":"publish","type":"product","link":"https:\/\/www.mchale.net\/cs\/products\/orbitalni-dvojity-davkovac\/","title":{"rendered":"Orbital"},"content":{"rendered":"<p>Vysokorychlostn\u00ed ov\u00edje\u010dka kulat\u00fdch bal\u00edk\u016f<\/p>\n","protected":false},"excerpt":{"rendered":"<p>Vysokorychlostn\u00ed ov\u00edje\u010dka kulat\u00fdch bal\u00edk\u016f<\/p>\n","protected":false},"author":1,"featured_media":37664,"menu_order":15,"comment_status":"open","ping_status":"open","template":"","format":"standard","meta":{"_acf_changed":false,"footnotes":""},"product-categories":[204],"class_list":["post-58823","product","type-product","status-publish","format-standard","has-post-thumbnail","hentry","product-categories-round-bale-wrappers-cs"],"acf":[],"_links":{"self":[{"href":"https:\/\/www.mchale.net\/cs\/wp-json\/wp\/v2\/product\/58823","targetHints":{"allow":["GET"]}}],"collection":[{"href":"https:\/\/www.mchale.net\/cs\/wp-json\/wp\/v2\/product"}],"about":[{"href":"https:\/\/www.mchale.net\/cs\/wp-json\/wp\/v2\/types\/product"}],"author":[{"embeddable":true,"href":"https:\/\/www.mchale.net\/cs\/wp-json\/wp\/v2\/users\/1"}],"replies":[{"embeddable":true,"href":"https:\/\/www.mchale.net\/cs\/wp-json\/wp\/v2\/comments?post=58823"}],"version-history":[{"count":1,"href":"https:\/\/www.mchale.net\/cs\/wp-json\/wp\/v2\/product\/58823\/revisions"}],"predecessor-version":[{"id":66164,"href":"https:\/\/www.mchale.net\/cs\/wp-json\/wp\/v2\/product\/58823\/revisions\/66164"}],"wp:featuredmedia":[{"embeddable":true,"href":"https:\/\/www.mchale.net\/cs\/wp-json\/wp\/v2\/media\/37664"}],"wp:attachment":[{"href":"https:\/\/www.mchale.net\/cs\/wp-json\/wp\/v2\/media?parent=58823"}],"wp:term":[{"taxonomy":"product-categories","embeddable":true,"href":"https:\/\/www.mchale.net\/cs\/wp-json\/wp\/v2\/product-categories?post=58823"}],"curies":[{"name":"wp","href":"https:\/\/api.w.org\/{rel}","templated":true}]}}