{"id":58825,"date":"2022-05-20T11:00:55","date_gmt":"2022-05-20T11:00:55","guid":{"rendered":"https:\/\/www.mchale.net\/products\/991-be-plne-automaticky\/"},"modified":"2022-05-20T11:00:55","modified_gmt":"2022-05-20T11:00:55","slug":"991-be-plne-automaticky","status":"publish","type":"product","link":"https:\/\/www.mchale.net\/cs\/products\/991-be-plne-automaticky\/","title":{"rendered":"991 BE Pln\u011b automatick\u00fd"},"content":{"rendered":"<p>Vle\u010den\u00e1 bali\u010dka kulat\u00fdch bal\u00edk\u016f<\/p>\n","protected":false},"excerpt":{"rendered":"<p>Vle\u010den\u00e1 bali\u010dka kulat\u00fdch bal\u00edk\u016f<\/p>\n","protected":false},"author":4,"featured_media":14315,"menu_order":13,"comment_status":"open","ping_status":"open","template":"","format":"standard","meta":{"_acf_changed":false,"footnotes":""},"product-categories":[1783],"class_list":["post-58825","product","type-product","status-publish","format-standard","has-post-thumbnail","hentry","product-categories-991b-cs"],"acf":[],"_links":{"self":[{"href":"https:\/\/www.mchale.net\/cs\/wp-json\/wp\/v2\/product\/58825","targetHints":{"allow":["GET"]}}],"collection":[{"href":"https:\/\/www.mchale.net\/cs\/wp-json\/wp\/v2\/product"}],"about":[{"href":"https:\/\/www.mchale.net\/cs\/wp-json\/wp\/v2\/types\/product"}],"author":[{"embeddable":true,"href":"https:\/\/www.mchale.net\/cs\/wp-json\/wp\/v2\/users\/4"}],"replies":[{"embeddable":true,"href":"https:\/\/www.mchale.net\/cs\/wp-json\/wp\/v2\/comments?post=58825"}],"version-history":[{"count":0,"href":"https:\/\/www.mchale.net\/cs\/wp-json\/wp\/v2\/product\/58825\/revisions"}],"wp:featuredmedia":[{"embeddable":true,"href":"https:\/\/www.mchale.net\/cs\/wp-json\/wp\/v2\/media\/14315"}],"wp:attachment":[{"href":"https:\/\/www.mchale.net\/cs\/wp-json\/wp\/v2\/media?parent=58825"}],"wp:term":[{"taxonomy":"product-categories","embeddable":true,"href":"https:\/\/www.mchale.net\/cs\/wp-json\/wp\/v2\/product-categories?post=58825"}],"curies":[{"name":"wp","href":"https:\/\/api.w.org\/{rel}","templated":true}]}}