{"id":58826,"date":"2022-05-20T10:13:22","date_gmt":"2022-05-20T10:13:22","guid":{"rendered":"https:\/\/www.mchale.net\/products\/c430-tribodovy-zaves\/"},"modified":"2023-03-01T08:04:52","modified_gmt":"2023-03-01T08:04:52","slug":"c430-tribodovy-zaves","status":"publish","type":"product","link":"https:\/\/www.mchale.net\/cs\/products\/c430-tribodovy-zaves\/","title":{"rendered":"C430 T\u0159\u00edbodov\u00fd z\u00e1v\u011bs"},"content":{"rendered":"<p>Dmychadlo na sl\u00e1mu a podava\u010d sil\u00e1\u017ee<\/p>\n","protected":false},"excerpt":{"rendered":"<p>Dmychadlo na sl\u00e1mu a podava\u010d sil\u00e1\u017ee<\/p>\n","protected":false},"author":1,"featured_media":13971,"menu_order":3,"comment_status":"open","ping_status":"open","template":"","format":"standard","meta":{"_acf_changed":false,"footnotes":""},"product-categories":[216],"class_list":["post-58826","product","type-product","status-publish","format-standard","has-post-thumbnail","hentry","product-categories-straw-blower-bale-feeder-range-cs"],"acf":[],"_links":{"self":[{"href":"https:\/\/www.mchale.net\/cs\/wp-json\/wp\/v2\/product\/58826","targetHints":{"allow":["GET"]}}],"collection":[{"href":"https:\/\/www.mchale.net\/cs\/wp-json\/wp\/v2\/product"}],"about":[{"href":"https:\/\/www.mchale.net\/cs\/wp-json\/wp\/v2\/types\/product"}],"author":[{"embeddable":true,"href":"https:\/\/www.mchale.net\/cs\/wp-json\/wp\/v2\/users\/1"}],"replies":[{"embeddable":true,"href":"https:\/\/www.mchale.net\/cs\/wp-json\/wp\/v2\/comments?post=58826"}],"version-history":[{"count":1,"href":"https:\/\/www.mchale.net\/cs\/wp-json\/wp\/v2\/product\/58826\/revisions"}],"predecessor-version":[{"id":61852,"href":"https:\/\/www.mchale.net\/cs\/wp-json\/wp\/v2\/product\/58826\/revisions\/61852"}],"wp:featuredmedia":[{"embeddable":true,"href":"https:\/\/www.mchale.net\/cs\/wp-json\/wp\/v2\/media\/13971"}],"wp:attachment":[{"href":"https:\/\/www.mchale.net\/cs\/wp-json\/wp\/v2\/media?parent=58826"}],"wp:term":[{"taxonomy":"product-categories","embeddable":true,"href":"https:\/\/www.mchale.net\/cs\/wp-json\/wp\/v2\/product-categories?post=58826"}],"curies":[{"name":"wp","href":"https:\/\/api.w.org\/{rel}","templated":true}]}}