{"id":58829,"date":"2022-05-20T12:53:31","date_gmt":"2022-05-20T12:53:31","guid":{"rendered":"https:\/\/www.mchale.net\/products\/991-vysokorychlostni\/"},"modified":"2022-05-20T12:53:31","modified_gmt":"2022-05-20T12:53:31","slug":"991-vysokorychlostni","status":"publish","type":"product","link":"https:\/\/www.mchale.net\/cs\/products\/991-vysokorychlostni\/","title":{"rendered":"991 Vysokorychlostn\u00ed"},"content":{"rendered":"<p>Balic\u00ed stroj na kulat\u00e9 bal\u00edky s dvojit\u00fdm d\u00e1vkova\u010dem<\/p>\n","protected":false},"excerpt":{"rendered":"<p>Balic\u00ed stroj na kulat\u00e9 bal\u00edky s dvojit\u00fdm d\u00e1vkova\u010dem<\/p>\n","protected":false},"author":4,"featured_media":14838,"menu_order":14,"comment_status":"open","ping_status":"open","template":"","format":"standard","meta":{"_acf_changed":false,"footnotes":""},"product-categories":[204],"class_list":["post-58829","product","type-product","status-publish","format-standard","has-post-thumbnail","hentry","product-categories-round-bale-wrappers-cs"],"acf":[],"_links":{"self":[{"href":"https:\/\/www.mchale.net\/cs\/wp-json\/wp\/v2\/product\/58829","targetHints":{"allow":["GET"]}}],"collection":[{"href":"https:\/\/www.mchale.net\/cs\/wp-json\/wp\/v2\/product"}],"about":[{"href":"https:\/\/www.mchale.net\/cs\/wp-json\/wp\/v2\/types\/product"}],"author":[{"embeddable":true,"href":"https:\/\/www.mchale.net\/cs\/wp-json\/wp\/v2\/users\/4"}],"replies":[{"embeddable":true,"href":"https:\/\/www.mchale.net\/cs\/wp-json\/wp\/v2\/comments?post=58829"}],"version-history":[{"count":0,"href":"https:\/\/www.mchale.net\/cs\/wp-json\/wp\/v2\/product\/58829\/revisions"}],"wp:featuredmedia":[{"embeddable":true,"href":"https:\/\/www.mchale.net\/cs\/wp-json\/wp\/v2\/media\/14838"}],"wp:attachment":[{"href":"https:\/\/www.mchale.net\/cs\/wp-json\/wp\/v2\/media?parent=58829"}],"wp:term":[{"taxonomy":"product-categories","embeddable":true,"href":"https:\/\/www.mchale.net\/cs\/wp-json\/wp\/v2\/product-categories?post=58829"}],"curies":[{"name":"wp","href":"https:\/\/api.w.org\/{rel}","templated":true}]}}