{"id":58831,"date":"2022-05-18T14:44:14","date_gmt":"2022-05-18T14:44:14","guid":{"rendered":"https:\/\/www.mchale.net\/products\/celni-sekacka-f3100\/"},"modified":"2023-03-21T15:08:22","modified_gmt":"2023-03-21T15:08:22","slug":"celni-sekacka-f3100","status":"publish","type":"product","link":"https:\/\/www.mchale.net\/cs\/products\/celni-sekacka-f3100\/","title":{"rendered":"\u010celn\u00ed seka\u010dka F3100"},"content":{"rendered":"<p>Seka\u010dka Pro Glide<\/p>\n","protected":false},"excerpt":{"rendered":"<p>Seka\u010dka Pro Glide<\/p>\n","protected":false},"author":3,"featured_media":16155,"menu_order":16,"comment_status":"open","ping_status":"open","template":"","format":"standard","meta":{"_acf_changed":false,"footnotes":""},"product-categories":[477],"class_list":["post-58831","product","type-product","status-publish","format-standard","has-post-thumbnail","hentry","product-categories-pro-glide-mowers-cs"],"acf":[],"_links":{"self":[{"href":"https:\/\/www.mchale.net\/cs\/wp-json\/wp\/v2\/product\/58831","targetHints":{"allow":["GET"]}}],"collection":[{"href":"https:\/\/www.mchale.net\/cs\/wp-json\/wp\/v2\/product"}],"about":[{"href":"https:\/\/www.mchale.net\/cs\/wp-json\/wp\/v2\/types\/product"}],"author":[{"embeddable":true,"href":"https:\/\/www.mchale.net\/cs\/wp-json\/wp\/v2\/users\/3"}],"replies":[{"embeddable":true,"href":"https:\/\/www.mchale.net\/cs\/wp-json\/wp\/v2\/comments?post=58831"}],"version-history":[{"count":1,"href":"https:\/\/www.mchale.net\/cs\/wp-json\/wp\/v2\/product\/58831\/revisions"}],"predecessor-version":[{"id":58854,"href":"https:\/\/www.mchale.net\/cs\/wp-json\/wp\/v2\/product\/58831\/revisions\/58854"}],"wp:featuredmedia":[{"embeddable":true,"href":"https:\/\/www.mchale.net\/cs\/wp-json\/wp\/v2\/media\/16155"}],"wp:attachment":[{"href":"https:\/\/www.mchale.net\/cs\/wp-json\/wp\/v2\/media?parent=58831"}],"wp:term":[{"taxonomy":"product-categories","embeddable":true,"href":"https:\/\/www.mchale.net\/cs\/wp-json\/wp\/v2\/product-categories?post=58831"}],"curies":[{"name":"wp","href":"https:\/\/api.w.org\/{rel}","templated":true}]}}