{"id":58833,"date":"2022-05-20T12:25:36","date_gmt":"2022-05-20T12:25:36","guid":{"rendered":"https:\/\/www.mchale.net\/products\/c470-s-navesem\/"},"modified":"2023-03-01T08:41:54","modified_gmt":"2023-03-01T08:41:54","slug":"c470-s-navesem","status":"publish","type":"product","link":"https:\/\/www.mchale.net\/cs\/products\/c470-s-navesem\/","title":{"rendered":"C470 s n\u00e1v\u011bsem"},"content":{"rendered":"<p>Dmychadlo na sl\u00e1mu a podava\u010d sil\u00e1\u017ee<\/p>\n","protected":false},"excerpt":{"rendered":"<p>Dmychadlo na sl\u00e1mu a podava\u010d sil\u00e1\u017ee<\/p>\n","protected":false},"author":1,"featured_media":14746,"menu_order":5,"comment_status":"open","ping_status":"open","template":"","format":"standard","meta":{"_acf_changed":false,"footnotes":""},"product-categories":[216],"class_list":["post-58833","product","type-product","status-publish","format-standard","has-post-thumbnail","hentry","product-categories-straw-blower-bale-feeder-range-cs"],"acf":[],"_links":{"self":[{"href":"https:\/\/www.mchale.net\/cs\/wp-json\/wp\/v2\/product\/58833","targetHints":{"allow":["GET"]}}],"collection":[{"href":"https:\/\/www.mchale.net\/cs\/wp-json\/wp\/v2\/product"}],"about":[{"href":"https:\/\/www.mchale.net\/cs\/wp-json\/wp\/v2\/types\/product"}],"author":[{"embeddable":true,"href":"https:\/\/www.mchale.net\/cs\/wp-json\/wp\/v2\/users\/1"}],"replies":[{"embeddable":true,"href":"https:\/\/www.mchale.net\/cs\/wp-json\/wp\/v2\/comments?post=58833"}],"version-history":[{"count":1,"href":"https:\/\/www.mchale.net\/cs\/wp-json\/wp\/v2\/product\/58833\/revisions"}],"predecessor-version":[{"id":58840,"href":"https:\/\/www.mchale.net\/cs\/wp-json\/wp\/v2\/product\/58833\/revisions\/58840"}],"wp:featuredmedia":[{"embeddable":true,"href":"https:\/\/www.mchale.net\/cs\/wp-json\/wp\/v2\/media\/14746"}],"wp:attachment":[{"href":"https:\/\/www.mchale.net\/cs\/wp-json\/wp\/v2\/media?parent=58833"}],"wp:term":[{"taxonomy":"product-categories","embeddable":true,"href":"https:\/\/www.mchale.net\/cs\/wp-json\/wp\/v2\/product-categories?post=58833"}],"curies":[{"name":"wp","href":"https:\/\/api.w.org\/{rel}","templated":true}]}}