{"id":58835,"date":"2022-05-20T12:36:16","date_gmt":"2022-05-20T12:36:16","guid":{"rendered":"https:\/\/www.mchale.net\/products\/c490-tazeny\/"},"modified":"2023-03-01T09:07:33","modified_gmt":"2023-03-01T09:07:33","slug":"c490-tazeny","status":"publish","type":"product","link":"https:\/\/www.mchale.net\/cs\/products\/c490-tazeny\/","title":{"rendered":"C490 ta\u017een\u00fd"},"content":{"rendered":"<p>Dmychadlo na sl\u00e1mu a podava\u010d sil\u00e1\u017ee<\/p>\n","protected":false},"excerpt":{"rendered":"<p>Dmychadlo na sl\u00e1mu a podava\u010d sil\u00e1\u017ee<\/p>\n","protected":false},"author":1,"featured_media":14787,"menu_order":6,"comment_status":"open","ping_status":"open","template":"","format":"standard","meta":{"_acf_changed":false,"footnotes":""},"product-categories":[216],"class_list":["post-58835","product","type-product","status-publish","format-standard","has-post-thumbnail","hentry","product-categories-straw-blower-bale-feeder-range-cs"],"acf":[],"_links":{"self":[{"href":"https:\/\/www.mchale.net\/cs\/wp-json\/wp\/v2\/product\/58835","targetHints":{"allow":["GET"]}}],"collection":[{"href":"https:\/\/www.mchale.net\/cs\/wp-json\/wp\/v2\/product"}],"about":[{"href":"https:\/\/www.mchale.net\/cs\/wp-json\/wp\/v2\/types\/product"}],"author":[{"embeddable":true,"href":"https:\/\/www.mchale.net\/cs\/wp-json\/wp\/v2\/users\/1"}],"replies":[{"embeddable":true,"href":"https:\/\/www.mchale.net\/cs\/wp-json\/wp\/v2\/comments?post=58835"}],"version-history":[{"count":1,"href":"https:\/\/www.mchale.net\/cs\/wp-json\/wp\/v2\/product\/58835\/revisions"}],"predecessor-version":[{"id":58845,"href":"https:\/\/www.mchale.net\/cs\/wp-json\/wp\/v2\/product\/58835\/revisions\/58845"}],"wp:featuredmedia":[{"embeddable":true,"href":"https:\/\/www.mchale.net\/cs\/wp-json\/wp\/v2\/media\/14787"}],"wp:attachment":[{"href":"https:\/\/www.mchale.net\/cs\/wp-json\/wp\/v2\/media?parent=58835"}],"wp:term":[{"taxonomy":"product-categories","embeddable":true,"href":"https:\/\/www.mchale.net\/cs\/wp-json\/wp\/v2\/product-categories?post=58835"}],"curies":[{"name":"wp","href":"https:\/\/api.w.org\/{rel}","templated":true}]}}