{"id":58837,"date":"2022-05-19T08:13:31","date_gmt":"2022-05-19T08:13:31","guid":{"rendered":"https:\/\/www.mchale.net\/products\/991-bc-ovladani-kabelu\/"},"modified":"2023-01-06T15:47:26","modified_gmt":"2023-01-06T15:47:26","slug":"991-bc-ovladani-kabelu","status":"publish","type":"product","link":"https:\/\/www.mchale.net\/cs\/products\/991-bc-ovladani-kabelu\/","title":{"rendered":"991 BC Ovl\u00e1d\u00e1n\u00ed kabel\u016f"},"content":{"rendered":"<p>Vle\u010den\u00e1 bali\u010dka kulat\u00fdch bal\u00edk\u016f<\/p>\n","protected":false},"excerpt":{"rendered":"<p>Vle\u010den\u00e1 bali\u010dka kulat\u00fdch bal\u00edk\u016f<\/p>\n","protected":false},"author":4,"featured_media":12003,"menu_order":11,"comment_status":"open","ping_status":"open","template":"","format":"standard","meta":{"_acf_changed":false,"footnotes":""},"product-categories":[1783],"class_list":["post-58837","product","type-product","status-publish","format-standard","has-post-thumbnail","hentry","product-categories-991b-cs"],"acf":[],"_links":{"self":[{"href":"https:\/\/www.mchale.net\/cs\/wp-json\/wp\/v2\/product\/58837","targetHints":{"allow":["GET"]}}],"collection":[{"href":"https:\/\/www.mchale.net\/cs\/wp-json\/wp\/v2\/product"}],"about":[{"href":"https:\/\/www.mchale.net\/cs\/wp-json\/wp\/v2\/types\/product"}],"author":[{"embeddable":true,"href":"https:\/\/www.mchale.net\/cs\/wp-json\/wp\/v2\/users\/4"}],"replies":[{"embeddable":true,"href":"https:\/\/www.mchale.net\/cs\/wp-json\/wp\/v2\/comments?post=58837"}],"version-history":[{"count":1,"href":"https:\/\/www.mchale.net\/cs\/wp-json\/wp\/v2\/product\/58837\/revisions"}],"predecessor-version":[{"id":58851,"href":"https:\/\/www.mchale.net\/cs\/wp-json\/wp\/v2\/product\/58837\/revisions\/58851"}],"wp:featuredmedia":[{"embeddable":true,"href":"https:\/\/www.mchale.net\/cs\/wp-json\/wp\/v2\/media\/12003"}],"wp:attachment":[{"href":"https:\/\/www.mchale.net\/cs\/wp-json\/wp\/v2\/media?parent=58837"}],"wp:term":[{"taxonomy":"product-categories","embeddable":true,"href":"https:\/\/www.mchale.net\/cs\/wp-json\/wp\/v2\/product-categories?post=58837"}],"curies":[{"name":"wp","href":"https:\/\/api.w.org\/{rel}","templated":true}]}}