{"id":58838,"date":"2022-05-16T10:51:32","date_gmt":"2022-05-16T10:51:32","guid":{"rendered":"https:\/\/www.mchale.net\/products\/r68-78\/"},"modified":"2025-09-12T14:32:02","modified_gmt":"2025-09-12T14:32:02","slug":"r68-78","status":"publish","type":"product","link":"https:\/\/www.mchale.net\/cs\/products\/r68-78\/","title":{"rendered":"R68-78"},"content":{"rendered":"<p>Hr\u00e1b\u011b pro centr\u00e1ln\u00ed dod\u00e1vky<\/p>\n","protected":false},"excerpt":{"rendered":"<p>Hr\u00e1b\u011b pro centr\u00e1ln\u00ed dod\u00e1vky<\/p>\n","protected":false},"author":3,"featured_media":26849,"menu_order":43,"comment_status":"open","ping_status":"open","template":"","format":"standard","meta":{"_acf_changed":false,"footnotes":""},"product-categories":[256],"class_list":["post-58838","product","type-product","status-publish","format-standard","has-post-thumbnail","hentry","product-categories-rake-range-cs"],"acf":[],"_links":{"self":[{"href":"https:\/\/www.mchale.net\/cs\/wp-json\/wp\/v2\/product\/58838","targetHints":{"allow":["GET"]}}],"collection":[{"href":"https:\/\/www.mchale.net\/cs\/wp-json\/wp\/v2\/product"}],"about":[{"href":"https:\/\/www.mchale.net\/cs\/wp-json\/wp\/v2\/types\/product"}],"author":[{"embeddable":true,"href":"https:\/\/www.mchale.net\/cs\/wp-json\/wp\/v2\/users\/3"}],"replies":[{"embeddable":true,"href":"https:\/\/www.mchale.net\/cs\/wp-json\/wp\/v2\/comments?post=58838"}],"version-history":[{"count":1,"href":"https:\/\/www.mchale.net\/cs\/wp-json\/wp\/v2\/product\/58838\/revisions"}],"predecessor-version":[{"id":124106,"href":"https:\/\/www.mchale.net\/cs\/wp-json\/wp\/v2\/product\/58838\/revisions\/124106"}],"wp:featuredmedia":[{"embeddable":true,"href":"https:\/\/www.mchale.net\/cs\/wp-json\/wp\/v2\/media\/26849"}],"wp:attachment":[{"href":"https:\/\/www.mchale.net\/cs\/wp-json\/wp\/v2\/media?parent=58838"}],"wp:term":[{"taxonomy":"product-categories","embeddable":true,"href":"https:\/\/www.mchale.net\/cs\/wp-json\/wp\/v2\/product-categories?post=58838"}],"curies":[{"name":"wp","href":"https:\/\/api.w.org\/{rel}","templated":true}]}}