{"id":58839,"date":"2022-05-13T13:00:29","date_gmt":"2022-05-13T13:00:29","guid":{"rendered":"https:\/\/www.mchale.net\/products\/998\/"},"modified":"2022-05-13T13:00:29","modified_gmt":"2022-05-13T13:00:29","slug":"998","status":"publish","type":"product","link":"https:\/\/www.mchale.net\/cs\/products\/998\/","title":{"rendered":"998"},"content":{"rendered":"<p>Balic\u00ed stroj na \u010dtvercov\u00e9 bal\u00edky<\/p>\n","protected":false},"excerpt":{"rendered":"<p>Balic\u00ed stroj na \u010dtvercov\u00e9 bal\u00edky<\/p>\n","protected":false},"author":3,"featured_media":16051,"menu_order":48,"comment_status":"open","ping_status":"open","template":"","format":"standard","meta":{"_acf_changed":false,"footnotes":""},"product-categories":[230],"class_list":["post-58839","product","type-product","status-publish","format-standard","has-post-thumbnail","hentry","product-categories-square-bale-wrappers-cs"],"acf":[],"_links":{"self":[{"href":"https:\/\/www.mchale.net\/cs\/wp-json\/wp\/v2\/product\/58839","targetHints":{"allow":["GET"]}}],"collection":[{"href":"https:\/\/www.mchale.net\/cs\/wp-json\/wp\/v2\/product"}],"about":[{"href":"https:\/\/www.mchale.net\/cs\/wp-json\/wp\/v2\/types\/product"}],"author":[{"embeddable":true,"href":"https:\/\/www.mchale.net\/cs\/wp-json\/wp\/v2\/users\/3"}],"replies":[{"embeddable":true,"href":"https:\/\/www.mchale.net\/cs\/wp-json\/wp\/v2\/comments?post=58839"}],"version-history":[{"count":0,"href":"https:\/\/www.mchale.net\/cs\/wp-json\/wp\/v2\/product\/58839\/revisions"}],"wp:featuredmedia":[{"embeddable":true,"href":"https:\/\/www.mchale.net\/cs\/wp-json\/wp\/v2\/media\/16051"}],"wp:attachment":[{"href":"https:\/\/www.mchale.net\/cs\/wp-json\/wp\/v2\/media?parent=58839"}],"wp:term":[{"taxonomy":"product-categories","embeddable":true,"href":"https:\/\/www.mchale.net\/cs\/wp-json\/wp\/v2\/product-categories?post=58839"}],"curies":[{"name":"wp","href":"https:\/\/api.w.org\/{rel}","templated":true}]}}