{"id":58842,"date":"2022-04-07T08:01:36","date_gmt":"2022-04-07T08:01:36","guid":{"rendered":"https:\/\/www.mchale.net\/products\/f5600-plus\/"},"modified":"2023-03-02T14:08:58","modified_gmt":"2023-03-02T14:08:58","slug":"f5600-plus","status":"publish","type":"product","link":"https:\/\/www.mchale.net\/cs\/products\/f5600-plus\/","title":{"rendered":"F5600 Plus"},"content":{"rendered":"<p>Lis na v\u00e1z\u00e1n\u00ed f\u00f3li\u00ed<\/p>\n","protected":false},"excerpt":{"rendered":"<p>Lis na v\u00e1z\u00e1n\u00ed f\u00f3li\u00ed<\/p>\n","protected":false},"author":3,"featured_media":15973,"menu_order":61,"comment_status":"open","ping_status":"open","template":"","format":"standard","meta":{"_acf_changed":false,"footnotes":""},"product-categories":[180],"class_list":["post-58842","product","type-product","status-publish","format-standard","has-post-thumbnail","hentry","product-categories-fixed-chamber-round-balers-cs"],"acf":[],"_links":{"self":[{"href":"https:\/\/www.mchale.net\/cs\/wp-json\/wp\/v2\/product\/58842","targetHints":{"allow":["GET"]}}],"collection":[{"href":"https:\/\/www.mchale.net\/cs\/wp-json\/wp\/v2\/product"}],"about":[{"href":"https:\/\/www.mchale.net\/cs\/wp-json\/wp\/v2\/types\/product"}],"author":[{"embeddable":true,"href":"https:\/\/www.mchale.net\/cs\/wp-json\/wp\/v2\/users\/3"}],"replies":[{"embeddable":true,"href":"https:\/\/www.mchale.net\/cs\/wp-json\/wp\/v2\/comments?post=58842"}],"version-history":[{"count":1,"href":"https:\/\/www.mchale.net\/cs\/wp-json\/wp\/v2\/product\/58842\/revisions"}],"predecessor-version":[{"id":62015,"href":"https:\/\/www.mchale.net\/cs\/wp-json\/wp\/v2\/product\/58842\/revisions\/62015"}],"wp:featuredmedia":[{"embeddable":true,"href":"https:\/\/www.mchale.net\/cs\/wp-json\/wp\/v2\/media\/15973"}],"wp:attachment":[{"href":"https:\/\/www.mchale.net\/cs\/wp-json\/wp\/v2\/media?parent=58842"}],"wp:term":[{"taxonomy":"product-categories","embeddable":true,"href":"https:\/\/www.mchale.net\/cs\/wp-json\/wp\/v2\/product-categories?post=58842"}],"curies":[{"name":"wp","href":"https:\/\/api.w.org\/{rel}","templated":true}]}}