{"id":58844,"date":"2022-05-16T08:56:15","date_gmt":"2022-05-16T08:56:15","guid":{"rendered":"https:\/\/www.mchale.net\/products\/994\/"},"modified":"2022-05-16T08:56:15","modified_gmt":"2022-05-16T08:56:15","slug":"994","status":"publish","type":"product","link":"https:\/\/www.mchale.net\/cs\/products\/994\/","title":{"rendered":"994"},"content":{"rendered":"<p>Rozd\u011blova\u010d kulat\u00fdch bal\u00edk\u016f<\/p>\n","protected":false},"excerpt":{"rendered":"<p>Rozd\u011blova\u010d kulat\u00fdch bal\u00edk\u016f<\/p>\n","protected":false},"author":3,"featured_media":16077,"menu_order":42,"comment_status":"open","ping_status":"open","template":"","format":"standard","meta":{"_acf_changed":false,"footnotes":""},"product-categories":[243],"class_list":["post-58844","product","type-product","status-publish","format-standard","has-post-thumbnail","hentry","product-categories-handling-equipment-cs"],"acf":[],"_links":{"self":[{"href":"https:\/\/www.mchale.net\/cs\/wp-json\/wp\/v2\/product\/58844","targetHints":{"allow":["GET"]}}],"collection":[{"href":"https:\/\/www.mchale.net\/cs\/wp-json\/wp\/v2\/product"}],"about":[{"href":"https:\/\/www.mchale.net\/cs\/wp-json\/wp\/v2\/types\/product"}],"author":[{"embeddable":true,"href":"https:\/\/www.mchale.net\/cs\/wp-json\/wp\/v2\/users\/3"}],"replies":[{"embeddable":true,"href":"https:\/\/www.mchale.net\/cs\/wp-json\/wp\/v2\/comments?post=58844"}],"version-history":[{"count":0,"href":"https:\/\/www.mchale.net\/cs\/wp-json\/wp\/v2\/product\/58844\/revisions"}],"wp:featuredmedia":[{"embeddable":true,"href":"https:\/\/www.mchale.net\/cs\/wp-json\/wp\/v2\/media\/16077"}],"wp:attachment":[{"href":"https:\/\/www.mchale.net\/cs\/wp-json\/wp\/v2\/media?parent=58844"}],"wp:term":[{"taxonomy":"product-categories","embeddable":true,"href":"https:\/\/www.mchale.net\/cs\/wp-json\/wp\/v2\/product-categories?post=58844"}],"curies":[{"name":"wp","href":"https:\/\/api.w.org\/{rel}","templated":true}]}}