{"id":58846,"date":"2022-05-13T12:50:11","date_gmt":"2022-05-13T12:50:11","guid":{"rendered":"https:\/\/www.mchale.net\/products\/998-vysokorychlostni\/"},"modified":"2022-05-13T12:50:11","modified_gmt":"2022-05-13T12:50:11","slug":"998-vysokorychlostni","status":"publish","type":"product","link":"https:\/\/www.mchale.net\/cs\/products\/998-vysokorychlostni\/","title":{"rendered":"998 Vysokorychlostn\u00ed"},"content":{"rendered":"<p>Balic\u00ed stroj na \u010dtvercov\u00e9 bal\u00edky<\/p>\n","protected":false},"excerpt":{"rendered":"<p>Balic\u00ed stroj na \u010dtvercov\u00e9 bal\u00edky<\/p>\n","protected":false},"author":3,"featured_media":16025,"menu_order":49,"comment_status":"open","ping_status":"open","template":"","format":"standard","meta":{"_acf_changed":false,"footnotes":""},"product-categories":[230],"class_list":["post-58846","product","type-product","status-publish","format-standard","has-post-thumbnail","hentry","product-categories-square-bale-wrappers-cs"],"acf":[],"_links":{"self":[{"href":"https:\/\/www.mchale.net\/cs\/wp-json\/wp\/v2\/product\/58846","targetHints":{"allow":["GET"]}}],"collection":[{"href":"https:\/\/www.mchale.net\/cs\/wp-json\/wp\/v2\/product"}],"about":[{"href":"https:\/\/www.mchale.net\/cs\/wp-json\/wp\/v2\/types\/product"}],"author":[{"embeddable":true,"href":"https:\/\/www.mchale.net\/cs\/wp-json\/wp\/v2\/users\/3"}],"replies":[{"embeddable":true,"href":"https:\/\/www.mchale.net\/cs\/wp-json\/wp\/v2\/comments?post=58846"}],"version-history":[{"count":0,"href":"https:\/\/www.mchale.net\/cs\/wp-json\/wp\/v2\/product\/58846\/revisions"}],"wp:featuredmedia":[{"embeddable":true,"href":"https:\/\/www.mchale.net\/cs\/wp-json\/wp\/v2\/media\/16025"}],"wp:attachment":[{"href":"https:\/\/www.mchale.net\/cs\/wp-json\/wp\/v2\/media?parent=58846"}],"wp:term":[{"taxonomy":"product-categories","embeddable":true,"href":"https:\/\/www.mchale.net\/cs\/wp-json\/wp\/v2\/product-categories?post=58846"}],"curies":[{"name":"wp","href":"https:\/\/api.w.org\/{rel}","templated":true}]}}