{"id":58847,"date":"2022-05-16T08:49:04","date_gmt":"2022-05-16T08:49:04","guid":{"rendered":"https:\/\/www.mchale.net\/products\/fusion-vario\/"},"modified":"2023-05-23T10:29:16","modified_gmt":"2023-05-23T10:29:16","slug":"fusion-vario","status":"publish","type":"product","link":"https:\/\/www.mchale.net\/cs\/products\/fusion-vario\/","title":{"rendered":"Fusion Vario"},"content":{"rendered":"<p>Integrovan\u00e1 bali\u010dka s variabiln\u00ed komorou<\/p>\n","protected":false},"excerpt":{"rendered":"<p>Integrovan\u00e1 bali\u010dka s variabiln\u00ed komorou<\/p>\n","protected":false},"author":1,"featured_media":59797,"menu_order":46,"comment_status":"open","ping_status":"open","template":"","format":"standard","meta":{"_acf_changed":false,"footnotes":""},"product-categories":[465],"class_list":["post-58847","product","type-product","status-publish","format-standard","has-post-thumbnail","hentry","product-categories-integrated-baler-wrappers-cs"],"acf":[],"_links":{"self":[{"href":"https:\/\/www.mchale.net\/cs\/wp-json\/wp\/v2\/product\/58847","targetHints":{"allow":["GET"]}}],"collection":[{"href":"https:\/\/www.mchale.net\/cs\/wp-json\/wp\/v2\/product"}],"about":[{"href":"https:\/\/www.mchale.net\/cs\/wp-json\/wp\/v2\/types\/product"}],"author":[{"embeddable":true,"href":"https:\/\/www.mchale.net\/cs\/wp-json\/wp\/v2\/users\/1"}],"replies":[{"embeddable":true,"href":"https:\/\/www.mchale.net\/cs\/wp-json\/wp\/v2\/comments?post=58847"}],"version-history":[{"count":2,"href":"https:\/\/www.mchale.net\/cs\/wp-json\/wp\/v2\/product\/58847\/revisions"}],"predecessor-version":[{"id":69101,"href":"https:\/\/www.mchale.net\/cs\/wp-json\/wp\/v2\/product\/58847\/revisions\/69101"}],"wp:featuredmedia":[{"embeddable":true,"href":"https:\/\/www.mchale.net\/cs\/wp-json\/wp\/v2\/media\/59797"}],"wp:attachment":[{"href":"https:\/\/www.mchale.net\/cs\/wp-json\/wp\/v2\/media?parent=58847"}],"wp:term":[{"taxonomy":"product-categories","embeddable":true,"href":"https:\/\/www.mchale.net\/cs\/wp-json\/wp\/v2\/product-categories?post=58847"}],"curies":[{"name":"wp","href":"https:\/\/api.w.org\/{rel}","templated":true}]}}