{"id":58848,"date":"2022-08-04T12:04:38","date_gmt":"2022-08-04T12:04:38","guid":{"rendered":"https:\/\/www.mchale.net\/products\/kombinovana-sekacka-b9600\/"},"modified":"2023-08-31T09:13:13","modified_gmt":"2023-08-31T09:13:13","slug":"kombinovana-sekacka-b9600","status":"publish","type":"product","link":"https:\/\/www.mchale.net\/cs\/products\/kombinovana-sekacka-b9600\/","title":{"rendered":"Kombinovan\u00e1 seka\u010dka B9600"},"content":{"rendered":"<p>Seka\u010dka Pro Glide<\/p>\n","protected":false},"excerpt":{"rendered":"<p>Seka\u010dka Pro Glide<\/p>\n","protected":false},"author":5,"featured_media":29983,"menu_order":19,"comment_status":"open","ping_status":"open","template":"","format":"standard","meta":{"_acf_changed":false,"footnotes":""},"product-categories":[477],"class_list":["post-58848","product","type-product","status-publish","format-standard","has-post-thumbnail","hentry","product-categories-pro-glide-mowers-cs"],"acf":[],"_links":{"self":[{"href":"https:\/\/www.mchale.net\/cs\/wp-json\/wp\/v2\/product\/58848","targetHints":{"allow":["GET"]}}],"collection":[{"href":"https:\/\/www.mchale.net\/cs\/wp-json\/wp\/v2\/product"}],"about":[{"href":"https:\/\/www.mchale.net\/cs\/wp-json\/wp\/v2\/types\/product"}],"author":[{"embeddable":true,"href":"https:\/\/www.mchale.net\/cs\/wp-json\/wp\/v2\/users\/5"}],"replies":[{"embeddable":true,"href":"https:\/\/www.mchale.net\/cs\/wp-json\/wp\/v2\/comments?post=58848"}],"version-history":[{"count":2,"href":"https:\/\/www.mchale.net\/cs\/wp-json\/wp\/v2\/product\/58848\/revisions"}],"predecessor-version":[{"id":71750,"href":"https:\/\/www.mchale.net\/cs\/wp-json\/wp\/v2\/product\/58848\/revisions\/71750"}],"wp:featuredmedia":[{"embeddable":true,"href":"https:\/\/www.mchale.net\/cs\/wp-json\/wp\/v2\/media\/29983"}],"wp:attachment":[{"href":"https:\/\/www.mchale.net\/cs\/wp-json\/wp\/v2\/media?parent=58848"}],"wp:term":[{"taxonomy":"product-categories","embeddable":true,"href":"https:\/\/www.mchale.net\/cs\/wp-json\/wp\/v2\/product-categories?post=58848"}],"curies":[{"name":"wp","href":"https:\/\/api.w.org\/{rel}","templated":true}]}}