{"id":58855,"date":"2022-05-17T13:29:32","date_gmt":"2022-05-17T13:29:32","guid":{"rendered":"https:\/\/www.mchale.net\/products\/v8940\/"},"modified":"2023-05-19T12:17:01","modified_gmt":"2023-05-19T12:17:01","slug":"v8940","status":"publish","type":"product","link":"https:\/\/www.mchale.net\/cs\/products\/v8940\/","title":{"rendered":"V8940"},"content":{"rendered":"<p>Vysokokapacitn\u00ed lis s variabiln\u00ed komorou bez seka\u010dky<\/p>\n","protected":false},"excerpt":{"rendered":"<p>Vysokokapacitn\u00ed lis s variabiln\u00ed komorou bez seka\u010dky<\/p>\n","protected":false},"author":1,"featured_media":124948,"menu_order":38,"comment_status":"open","ping_status":"open","template":"","format":"standard","meta":{"_acf_changed":false,"footnotes":""},"product-categories":[192],"class_list":["post-58855","product","type-product","status-publish","format-standard","has-post-thumbnail","hentry","product-categories-variable-chamber-round-balers-cs"],"acf":[],"_links":{"self":[{"href":"https:\/\/www.mchale.net\/cs\/wp-json\/wp\/v2\/product\/58855","targetHints":{"allow":["GET"]}}],"collection":[{"href":"https:\/\/www.mchale.net\/cs\/wp-json\/wp\/v2\/product"}],"about":[{"href":"https:\/\/www.mchale.net\/cs\/wp-json\/wp\/v2\/types\/product"}],"author":[{"embeddable":true,"href":"https:\/\/www.mchale.net\/cs\/wp-json\/wp\/v2\/users\/1"}],"replies":[{"embeddable":true,"href":"https:\/\/www.mchale.net\/cs\/wp-json\/wp\/v2\/comments?post=58855"}],"version-history":[{"count":2,"href":"https:\/\/www.mchale.net\/cs\/wp-json\/wp\/v2\/product\/58855\/revisions"}],"predecessor-version":[{"id":69071,"href":"https:\/\/www.mchale.net\/cs\/wp-json\/wp\/v2\/product\/58855\/revisions\/69071"}],"wp:featuredmedia":[{"embeddable":true,"href":"https:\/\/www.mchale.net\/cs\/wp-json\/wp\/v2\/media\/124948"}],"wp:attachment":[{"href":"https:\/\/www.mchale.net\/cs\/wp-json\/wp\/v2\/media?parent=58855"}],"wp:term":[{"taxonomy":"product-categories","embeddable":true,"href":"https:\/\/www.mchale.net\/cs\/wp-json\/wp\/v2\/product-categories?post=58855"}],"curies":[{"name":"wp","href":"https:\/\/api.w.org\/{rel}","templated":true}]}}