{"id":58859,"date":"2022-05-18T09:34:45","date_gmt":"2022-05-18T09:34:45","guid":{"rendered":"https:\/\/www.mchale.net\/products\/v8950\/"},"modified":"2023-05-19T12:19:51","modified_gmt":"2023-05-19T12:19:51","slug":"v8950","status":"publish","type":"product","link":"https:\/\/www.mchale.net\/cs\/products\/v8950\/","title":{"rendered":"V8950"},"content":{"rendered":"<p>Vysokokapacitn\u00ed lis s variabiln\u00ed komorou s 15 no\u017ei<\/p>\n","protected":false},"excerpt":{"rendered":"<p>Vysokokapacitn\u00ed lis s variabiln\u00ed komorou s 15 no\u017ei<\/p>\n","protected":false},"author":1,"featured_media":124985,"menu_order":39,"comment_status":"open","ping_status":"open","template":"","format":"standard","meta":{"_acf_changed":false,"footnotes":""},"product-categories":[192],"class_list":["post-58859","product","type-product","status-publish","format-standard","has-post-thumbnail","hentry","product-categories-variable-chamber-round-balers-cs"],"acf":[],"_links":{"self":[{"href":"https:\/\/www.mchale.net\/cs\/wp-json\/wp\/v2\/product\/58859","targetHints":{"allow":["GET"]}}],"collection":[{"href":"https:\/\/www.mchale.net\/cs\/wp-json\/wp\/v2\/product"}],"about":[{"href":"https:\/\/www.mchale.net\/cs\/wp-json\/wp\/v2\/types\/product"}],"author":[{"embeddable":true,"href":"https:\/\/www.mchale.net\/cs\/wp-json\/wp\/v2\/users\/1"}],"replies":[{"embeddable":true,"href":"https:\/\/www.mchale.net\/cs\/wp-json\/wp\/v2\/comments?post=58859"}],"version-history":[{"count":2,"href":"https:\/\/www.mchale.net\/cs\/wp-json\/wp\/v2\/product\/58859\/revisions"}],"predecessor-version":[{"id":69072,"href":"https:\/\/www.mchale.net\/cs\/wp-json\/wp\/v2\/product\/58859\/revisions\/69072"}],"wp:featuredmedia":[{"embeddable":true,"href":"https:\/\/www.mchale.net\/cs\/wp-json\/wp\/v2\/media\/124985"}],"wp:attachment":[{"href":"https:\/\/www.mchale.net\/cs\/wp-json\/wp\/v2\/media?parent=58859"}],"wp:term":[{"taxonomy":"product-categories","embeddable":true,"href":"https:\/\/www.mchale.net\/cs\/wp-json\/wp\/v2\/product-categories?post=58859"}],"curies":[{"name":"wp","href":"https:\/\/api.w.org\/{rel}","templated":true}]}}