{"id":123073,"date":"2023-12-18T11:32:07","date_gmt":"2023-12-18T11:32:07","guid":{"rendered":"https:\/\/www.mchale.net\/productos-heredados\/"},"modified":"2023-12-18T11:32:07","modified_gmt":"2023-12-18T11:32:07","slug":"productos-heredados","status":"publish","type":"page","link":"https:\/\/www.mchale.net\/es\/productos-heredados\/","title":{"rendered":"Productos heredados"},"content":{"rendered":"<div class=\"container\">\n<div class=\"categories\">\n<div class=\"row\">\n<div class=\"item col-12 col-lg-3\">\n<div class=\"content\"><a style=\"text-decoration: none;\" href=\"https:\/\/www.mchale.net\/legacyproducts-fusion1\/\" rel=\"noopener\"><br \/>\n<\/a><a href=\"https:\/\/www.mchale.net\/legacyproducts-fusion1\/\" target=\"_blank\" rel=\"noopener\"><img decoding=\"async\" class=\"alignnone\" src=\"https:\/\/www.mchale.net\/wp-content\/uploads\/2023\/07\/McHale-Fusion1-Cut-out-image-scaled-338x230-1.png\" alt=\"\"><\/a><\/p>\n<h3>Fusi\u00f3n 1<\/h3>\n<p>Envolvedora de balas integrada<\/p>\n<p><a href=\"\/\/www.mchale.net\/legacyproducts-fusion1\/\" target=\"_blank\" rel=\"noopener\"><span class=\"btn btn-green btn-big\" style=\"text-decoration: none;\">Ver m\u00e1s<\/span><\/a><\/p>\n<\/div>\n<\/div>\n<div class=\"item col-12 col-lg-3\">\n<div class=\"content\"><a style=\"text-decoration: none;\" href=\"https:\/\/www.mchale.net\/es\/fusion-2\/\" rel=\"noopener\"><br \/>\n<\/a><a href=\"https:\/\/www.mchale.net\/es\/fusion-2\/\" target=\"_blank\" rel=\"noopener\"><img decoding=\"async\" class=\"alignnone\" src=\"https:\/\/www.mchale.net\/wp-content\/uploads\/2023\/07\/McHale-Fusion2-Cut-out-image-scaled-338x230-1.png\" alt=\"\"><\/a><\/p>\n<h3>Fusi\u00f3n 2<\/h3>\n<p>Envolvedora de balas integrada<\/p>\n<p><a href=\"https:\/\/www.mchale.net\/es\/fusion-2\/\" target=\"_blank\" rel=\"noopener\"><span class=\"btn btn-green btn-big\" style=\"text-decoration: none;\">Ver m\u00e1s<\/span><\/a><\/p>\n<\/div>\n<\/div>\n<div class=\"item col-12 col-lg-3\">\n<div class=\"content\"><a style=\"text-decoration: none;\" href=\"https:\/\/www.mchale.net\/legacyproducts-fusion-3\/\" rel=\"noopener\"><br \/>\n<\/a><a href=\"https:\/\/www.mchale.net\/legacyproducts-fusion-3\/\" target=\"_blank\" rel=\"noopener\"><img decoding=\"async\" class=\"alignnone\" src=\"https:\/\/www.mchale.net\/wp-content\/uploads\/2022\/05\/Fusion-3-Cutout-medium.png\" alt=\"\"><\/a><\/p>\n<h3>Fusi\u00f3n 3<\/h3>\n<p>Envolvedora de balas integrada<\/p>\n<p><a href=\"https:\/\/www.mchale.net\/legacyproducts-fusion-3\/\" target=\"_blank\" rel=\"noopener\"><span class=\"btn btn-green btn-big\" style=\"text-decoration: none;\">Ver m\u00e1s<\/span><\/a><\/p>\n<\/div>\n<\/div>\n<div class=\"item col-12 col-lg-3\">\n<div class=\"content\"><a style=\"text-decoration: none;\" href=\"https:\/\/www.mchale.net\/legacyproducts-fusion-3-pro\/\"><br \/>\n<\/a><a href=\"https:\/\/www.mchale.net\/legacyproducts-fusion-3-pro\/\" target=\"_blank\" rel=\"noopener\"><img decoding=\"async\" class=\"alignnone\" src=\"https:\/\/www.mchale.net\/wp-content\/uploads\/2022\/05\/Fusion-3-Pro-Cutout-medium.png\" alt=\"\"><\/a><\/p>\n<h3>Fusi\u00f3n 3 Pro<\/h3>\n<p>Envolvedora de balas integrada<\/p>\n<p><a href=\"https:\/\/www.mchale.net\/legacyproducts-fusion-3-pro\/\" target=\"_blank\" rel=\"noopener\"><span class=\"btn btn-green btn-big\" style=\"text-decoration: none;\">Ver m\u00e1s<\/span><\/a><\/p>\n<\/div>\n<\/div>\n<div class=\"item col-12 col-lg-3\">\n<div class=\"content\"><a style=\"text-decoration: none;\" href=\"https:\/\/www.mchale.net\/legacyproducts-fusion-3-plus\/\"><br \/>\n<\/a><a href=\"https:\/\/www.mchale.net\/legacyproducts-fusion-3-plus\/\" target=\"_blank\" rel=\"noopener\"><img decoding=\"async\" class=\"alignnone\" src=\"https:\/\/www.mchale.net\/wp-content\/uploads\/2022\/05\/Fusion-3-Plus-Cutout-medium.png\" alt=\"\"><\/a><\/p>\n<h3>Fusi\u00f3n 3 Plus<\/h3>\n<p>Envolvedora de balas integrada<\/p>\n<p><a href=\"https:\/\/www.mchale.net\/legacyproducts-fusion-3-plus\/\" target=\"_blank\" rel=\"noopener\"><span class=\"btn btn-green btn-big\" style=\"text-decoration: none;\">Ver m\u00e1s<\/span><\/a><\/p>\n<\/div>\n<\/div>\n<div class=\"item col-12 col-lg-3\">\n<div class=\"content\"><a style=\"text-decoration: none;\" href=\"https:\/\/www.mchale.net\/legacyproducts-fusion-vario\/\" rel=\"noopener\"><br \/>\n<\/a><a href=\"https:\/\/www.mchale.net\/legacyproducts-fusion-vario\/\" target=\"_blank\" rel=\"noopener\"><img decoding=\"async\" class=\"alignnone\" src=\"https:\/\/www.mchale.net\/wp-content\/uploads\/2024\/10\/McHale-FusionVARIO-Cut-out-image-scaled-338x230-1.png\" alt=\"\"><\/a><\/p>\n<h3>Fusi\u00f3n Vario<\/h3>\n<p>Envolvedora integrada de c\u00e1mara variable<\/p>\n<p><a href=\"https:\/\/www.mchale.net\/legacyproducts-fusion-vario\/\" target=\"_blank\" rel=\"noopener\"><span class=\"btn btn-green btn-big\" style=\"text-decoration: none;\">Ver m\u00e1s<\/span><\/a><\/p>\n<\/div>\n<\/div>\n<div class=\"item col-12 col-lg-3\">\n<div class=\"content\"><a style=\"text-decoration: none;\" href=\"https:\/\/www.mchale.net\/legacyproducts-f540\/\" target=\"_blank\" rel=\"noopener\"><br \/>\n<img decoding=\"async\" src=\"https:\/\/www.mchale.net\/wp-content\/uploads\/2023\/07\/f540.jpg\"><\/a><\/p>\n<h3>F540<\/h3>\n<p>Prensa de c\u00e1mara fija<\/p>\n<p><a href=\"https:\/\/www.mchale.net\/legacyproducts-f540\/\" target=\"_blank\" rel=\"noopener\"><span class=\"btn btn-green btn-big\" style=\"text-decoration: none;\">Ver m\u00e1s<\/span><\/a><\/p>\n<\/div>\n<\/div>\n<div class=\"item col-12 col-lg-3\">\n<div class=\"content\"><a style=\"text-decoration: none;\" href=\"https:\/\/www.mchale.net\/legacyproducts-f550\/\" rel=\"noopener\"><br \/>\n<\/a><a href=\"https:\/\/www.mchale.net\/legacyproducts-f550\/\" target=\"_blank\" rel=\"noopener\"><img decoding=\"async\" class=\"alignnone\" src=\"https:\/\/www.mchale.net\/wp-content\/uploads\/2023\/07\/f550.jpg\" alt=\"\"><\/a><\/p>\n<h3>F550<\/h3>\n<p>Prensa de c\u00e1mara fija<\/p>\n<p><a href=\"https:\/\/www.mchale.net\/legacyproducts-f550\/\" target=\"_blank\" rel=\"noopener\"><span class=\"btn btn-green btn-big\" style=\"text-decoration: none;\">Ver m\u00e1s<\/span><\/a><\/p>\n<\/div>\n<\/div>\n<div class=\"item col-12 col-lg-3\">\n<div class=\"content\"><a style=\"text-decoration: none;\" href=\"https:\/\/www.mchale.net\/legacyproducts-f560\/\" rel=\"noopener\"><br \/>\n<\/a><a href=\"https:\/\/www.mchale.net\/legacyproducts-f560\/\" target=\"_blank\" rel=\"noopener\"><img decoding=\"async\" class=\"alignnone\" src=\"https:\/\/www.mchale.net\/wp-content\/uploads\/2023\/07\/f560.jpg\" alt=\"\"><\/a><\/p>\n<h3>F560<\/h3>\n<p>Prensa de c\u00e1mara fija<\/p>\n<p><a href=\"https:\/\/www.mchale.net\/legacyproducts-f560\/\" target=\"_blank\" rel=\"noopener\"><span class=\"btn btn-green btn-big\" style=\"text-decoration: none;\">Ver m\u00e1s<\/span><\/a><\/p>\n<\/div>\n<\/div>\n<div class=\"item col-12 col-lg-3\">\n<div class=\"content\"><a style=\"text-decoration: none;\" href=\"https:\/\/www.mchale.net\/legacyproducts-hs2000\/\" rel=\"noopener\"><br \/>\n<\/a><a href=\"https:\/\/www.mchale.net\/legacyproducts-hs2000\/\" target=\"_blank\" rel=\"noopener\"><img decoding=\"async\" class=\"alignnone\" src=\"https:\/\/www.mchale.net\/wp-content\/uploads\/2023\/07\/McHale-HS2000-Cut-out-image-scaled-338x230-1.png\" alt=\"\"><\/a><\/p>\n<h3>HS2000<\/h3>\n<p>Encintadora de pacas redondas en l\u00ednea<\/p>\n<p><a href=\"https:\/\/www.mchale.net\/legacyproducts-hs2000\/\" target=\"_blank\" rel=\"noopener\"><span class=\"btn btn-green btn-big\" style=\"text-decoration: none;\">Ver m\u00e1s<\/span><\/a><\/p>\n<\/div>\n<\/div>\n<div class=\"item col-12 col-lg-3\">\n<div class=\"content\"><a style=\"text-decoration: none;\" href=\"https:\/\/www.mchale.net\/legacyproducts-v640\/\"><br \/>\n<\/a><a href=\"https:\/\/www.mchale.net\/legacyproducts-v640\/\" target=\"_blank\" rel=\"noopener\"><img decoding=\"async\" class=\"alignnone\" src=\"https:\/\/www.mchale.net\/wp-content\/uploads\/2023\/07\/V640-Machine-scaled.jpg\" alt=\"\"><\/a><\/p>\n<h3>V640<\/h3>\n<p>Prensa de c\u00e1mara variable<\/p>\n<p><a href=\"https:\/\/www.mchale.net\/legacyproducts-v640\/\" target=\"_blank\" rel=\"noopener\"><span class=\"btn btn-green btn-big\" style=\"text-decoration: none;\">Ver m\u00e1s<\/span><\/a><\/p>\n<\/div>\n<\/div>\n<div class=\"item col-12 col-lg-3\">\n<div class=\"content\"><a style=\"text-decoration: none;\" href=\"https:\/\/www.mchale.net\/legacyproducts-v660\/\" rel=\"noopener\"><br \/>\n<\/a><a href=\"https:\/\/www.mchale.net\/legacyproducts-v660\/\" target=\"_blank\" rel=\"noopener\"><img decoding=\"async\" class=\"alignnone\" src=\"https:\/\/www.mchale.net\/wp-content\/uploads\/2023\/07\/V660-Machine-scaled.jpg\" alt=\"\"><\/a><\/p>\n<h3>V660<\/h3>\n<p>Prensa de c\u00e1mara variable<\/p>\n<p><a href=\"https:\/\/www.mchale.net\/legacyproducts-v660\/\" target=\"_blank\" rel=\"noopener\"><span class=\"btn btn-green btn-big\" style=\"text-decoration: none;\">Ver m\u00e1s<\/span><\/a><\/p>\n<\/div>\n<\/div>\n<div class=\"item col-12 col-lg-3\">\n<div class=\"content\"><a style=\"text-decoration: none;\" href=\"https:\/\/www.mchale.net\/legacyproducts-995lm\/\" rel=\"noopener\"><br \/>\n<\/a><a href=\"https:\/\/www.mchale.net\/legacyproducts-995lm\/\" target=\"_blank\" rel=\"noopener\"><img decoding=\"async\" class=\"alignnone\" src=\"https:\/\/www.mchale.net\/wp-content\/uploads\/2023\/07\/995LM.png\" alt=\"\"><\/a><\/p>\n<h3>995LM<\/h3>\n<p>Envolvedora de balas<\/p>\n<p><a href=\"https:\/\/www.mchale.net\/legacyproducts-995lm\/\" target=\"_blank\" rel=\"noopener\"><span class=\"btn btn-green btn-big\" style=\"text-decoration: none;\">Ver m\u00e1s<\/span><\/a><\/p>\n<\/div>\n<\/div>\n<\/div>\n<\/div>\n<\/div>\n","protected":false},"excerpt":{"rendered":"<p>Fusi\u00f3n 1 Envolvedora de balas integrada Ver m\u00e1s Fusi\u00f3n 2 Envolvedora de balas integrada Ver m\u00e1s Fusi\u00f3n 3 Envolvedora de &#8230;<\/p>\n","protected":false},"author":5,"featured_media":71110,"parent":0,"menu_order":0,"comment_status":"closed","ping_status":"closed","template":"","meta":{"_acf_changed":false,"footnotes":""},"class_list":["post-123073","page","type-page","status-publish","has-post-thumbnail","hentry"],"acf":[],"_links":{"self":[{"href":"https:\/\/www.mchale.net\/es\/wp-json\/wp\/v2\/pages\/123073","targetHints":{"allow":["GET"]}}],"collection":[{"href":"https:\/\/www.mchale.net\/es\/wp-json\/wp\/v2\/pages"}],"about":[{"href":"https:\/\/www.mchale.net\/es\/wp-json\/wp\/v2\/types\/page"}],"author":[{"embeddable":true,"href":"https:\/\/www.mchale.net\/es\/wp-json\/wp\/v2\/users\/5"}],"replies":[{"embeddable":true,"href":"https:\/\/www.mchale.net\/es\/wp-json\/wp\/v2\/comments?post=123073"}],"version-history":[{"count":0,"href":"https:\/\/www.mchale.net\/es\/wp-json\/wp\/v2\/pages\/123073\/revisions"}],"wp:featuredmedia":[{"embeddable":true,"href":"https:\/\/www.mchale.net\/es\/wp-json\/wp\/v2\/media\/71110"}],"wp:attachment":[{"href":"https:\/\/www.mchale.net\/es\/wp-json\/wp\/v2\/media?parent=123073"}],"curies":[{"name":"wp","href":"https:\/\/api.w.org\/{rel}","templated":true}]}}