{"id":38799,"date":"2022-05-20T11:00:55","date_gmt":"2022-05-20T11:00:55","guid":{"rendered":"https:\/\/www.mchale.net\/products\/991-be-taysautomaattinen\/"},"modified":"2022-05-20T11:00:55","modified_gmt":"2022-05-20T11:00:55","slug":"991-be-taysautomaattinen","status":"publish","type":"product","link":"https:\/\/www.mchale.net\/fi\/products\/991-be-taysautomaattinen\/","title":{"rendered":"991 BE T\u00e4ysautomaattinen"},"content":{"rendered":"<p>Vedett\u00e4v\u00e4 py\u00f6re\u00e4n paalin k\u00e4\u00e4rint\u00e4laite<\/p>\n","protected":false},"excerpt":{"rendered":"<p>Vedett\u00e4v\u00e4 py\u00f6re\u00e4n paalin k\u00e4\u00e4rint\u00e4laite<\/p>\n","protected":false},"author":4,"featured_media":14316,"menu_order":13,"comment_status":"open","ping_status":"open","template":"","format":"standard","meta":{"_acf_changed":false,"footnotes":""},"product-categories":[1784],"class_list":["post-38799","product","type-product","status-publish","format-standard","has-post-thumbnail","hentry","product-categories-991b-fi"],"acf":[],"_links":{"self":[{"href":"https:\/\/www.mchale.net\/fi\/wp-json\/wp\/v2\/product\/38799","targetHints":{"allow":["GET"]}}],"collection":[{"href":"https:\/\/www.mchale.net\/fi\/wp-json\/wp\/v2\/product"}],"about":[{"href":"https:\/\/www.mchale.net\/fi\/wp-json\/wp\/v2\/types\/product"}],"author":[{"embeddable":true,"href":"https:\/\/www.mchale.net\/fi\/wp-json\/wp\/v2\/users\/4"}],"replies":[{"embeddable":true,"href":"https:\/\/www.mchale.net\/fi\/wp-json\/wp\/v2\/comments?post=38799"}],"version-history":[{"count":0,"href":"https:\/\/www.mchale.net\/fi\/wp-json\/wp\/v2\/product\/38799\/revisions"}],"wp:featuredmedia":[{"embeddable":true,"href":"https:\/\/www.mchale.net\/fi\/wp-json\/wp\/v2\/media\/14316"}],"wp:attachment":[{"href":"https:\/\/www.mchale.net\/fi\/wp-json\/wp\/v2\/media?parent=38799"}],"wp:term":[{"taxonomy":"product-categories","embeddable":true,"href":"https:\/\/www.mchale.net\/fi\/wp-json\/wp\/v2\/product-categories?post=38799"}],"curies":[{"name":"wp","href":"https:\/\/api.w.org\/{rel}","templated":true}]}}