{"id":38800,"date":"2022-05-18T10:55:49","date_gmt":"2022-05-18T10:55:49","guid":{"rendered":"https:\/\/www.mchale.net\/products\/orbital-twin-annostelija\/"},"modified":"2024-03-01T09:35:25","modified_gmt":"2024-03-01T09:35:25","slug":"orbital-twin-annostelija","status":"publish","type":"product","link":"https:\/\/www.mchale.net\/fi\/products\/orbital-twin-annostelija\/","title":{"rendered":"Orbital"},"content":{"rendered":"<p>Nopea py\u00f6re\u00e4n paalin k\u00e4\u00e4rint\u00e4laite<\/p>\n","protected":false},"excerpt":{"rendered":"<p>Nopea py\u00f6re\u00e4n paalin k\u00e4\u00e4rint\u00e4laite<\/p>\n","protected":false},"author":1,"featured_media":37665,"menu_order":15,"comment_status":"open","ping_status":"open","template":"","format":"standard","meta":{"_acf_changed":false,"footnotes":""},"product-categories":[205],"class_list":["post-38800","product","type-product","status-publish","format-standard","has-post-thumbnail","hentry","product-categories-round-bale-wrappers-fi"],"acf":[],"_links":{"self":[{"href":"https:\/\/www.mchale.net\/fi\/wp-json\/wp\/v2\/product\/38800","targetHints":{"allow":["GET"]}}],"collection":[{"href":"https:\/\/www.mchale.net\/fi\/wp-json\/wp\/v2\/product"}],"about":[{"href":"https:\/\/www.mchale.net\/fi\/wp-json\/wp\/v2\/types\/product"}],"author":[{"embeddable":true,"href":"https:\/\/www.mchale.net\/fi\/wp-json\/wp\/v2\/users\/1"}],"replies":[{"embeddable":true,"href":"https:\/\/www.mchale.net\/fi\/wp-json\/wp\/v2\/comments?post=38800"}],"version-history":[{"count":1,"href":"https:\/\/www.mchale.net\/fi\/wp-json\/wp\/v2\/product\/38800\/revisions"}],"predecessor-version":[{"id":66165,"href":"https:\/\/www.mchale.net\/fi\/wp-json\/wp\/v2\/product\/38800\/revisions\/66165"}],"wp:featuredmedia":[{"embeddable":true,"href":"https:\/\/www.mchale.net\/fi\/wp-json\/wp\/v2\/media\/37665"}],"wp:attachment":[{"href":"https:\/\/www.mchale.net\/fi\/wp-json\/wp\/v2\/media?parent=38800"}],"wp:term":[{"taxonomy":"product-categories","embeddable":true,"href":"https:\/\/www.mchale.net\/fi\/wp-json\/wp\/v2\/product-categories?post=38800"}],"curies":[{"name":"wp","href":"https:\/\/api.w.org\/{rel}","templated":true}]}}