{"id":38809,"date":"2022-05-20T11:29:10","date_gmt":"2022-05-20T11:29:10","guid":{"rendered":"https:\/\/www.mchale.net\/products\/991-bjs-servo-joystick-991-bjs-servo-joystick\/"},"modified":"2022-05-20T11:29:10","modified_gmt":"2022-05-20T11:29:10","slug":"991-bjs-servo-joystick-991-bjs-servo-joystick","status":"publish","type":"product","link":"https:\/\/www.mchale.net\/fi\/products\/991-bjs-servo-joystick-991-bjs-servo-joystick\/","title":{"rendered":"991 BJS Servo Joystick 991 BJS Servo Joystick"},"content":{"rendered":"<p>Vedett\u00e4v\u00e4 py\u00f6re\u00e4n paalin k\u00e4\u00e4rint\u00e4laite<\/p>\n","protected":false},"excerpt":{"rendered":"<p>Vedett\u00e4v\u00e4 py\u00f6re\u00e4n paalin k\u00e4\u00e4rint\u00e4laite<\/p>\n","protected":false},"author":4,"featured_media":14425,"menu_order":12,"comment_status":"open","ping_status":"open","template":"","format":"standard","meta":{"_acf_changed":false,"footnotes":""},"product-categories":[1784],"class_list":["post-38809","product","type-product","status-publish","format-standard","has-post-thumbnail","hentry","product-categories-991b-fi"],"acf":[],"_links":{"self":[{"href":"https:\/\/www.mchale.net\/fi\/wp-json\/wp\/v2\/product\/38809","targetHints":{"allow":["GET"]}}],"collection":[{"href":"https:\/\/www.mchale.net\/fi\/wp-json\/wp\/v2\/product"}],"about":[{"href":"https:\/\/www.mchale.net\/fi\/wp-json\/wp\/v2\/types\/product"}],"author":[{"embeddable":true,"href":"https:\/\/www.mchale.net\/fi\/wp-json\/wp\/v2\/users\/4"}],"replies":[{"embeddable":true,"href":"https:\/\/www.mchale.net\/fi\/wp-json\/wp\/v2\/comments?post=38809"}],"version-history":[{"count":0,"href":"https:\/\/www.mchale.net\/fi\/wp-json\/wp\/v2\/product\/38809\/revisions"}],"wp:featuredmedia":[{"embeddable":true,"href":"https:\/\/www.mchale.net\/fi\/wp-json\/wp\/v2\/media\/14425"}],"wp:attachment":[{"href":"https:\/\/www.mchale.net\/fi\/wp-json\/wp\/v2\/media?parent=38809"}],"wp:term":[{"taxonomy":"product-categories","embeddable":true,"href":"https:\/\/www.mchale.net\/fi\/wp-json\/wp\/v2\/product-categories?post=38809"}],"curies":[{"name":"wp","href":"https:\/\/api.w.org\/{rel}","templated":true}]}}