{"id":38820,"date":"2022-05-20T12:53:31","date_gmt":"2022-05-20T12:53:31","guid":{"rendered":"https:\/\/www.mchale.net\/products\/991-suurnopeus\/"},"modified":"2022-05-20T12:53:31","modified_gmt":"2022-05-20T12:53:31","slug":"991-suurnopeus","status":"publish","type":"product","link":"https:\/\/www.mchale.net\/fi\/products\/991-suurnopeus\/","title":{"rendered":"991 Suurnopeus"},"content":{"rendered":"<p>Kaksoisannostelija py\u00f6re\u00e4n paalin k\u00e4\u00e4rint\u00e4laite<\/p>\n","protected":false},"excerpt":{"rendered":"<p>Kaksoisannostelija py\u00f6re\u00e4n paalin k\u00e4\u00e4rint\u00e4laite<\/p>\n","protected":false},"author":4,"featured_media":14839,"menu_order":14,"comment_status":"open","ping_status":"open","template":"","format":"standard","meta":{"_acf_changed":false,"footnotes":""},"product-categories":[205],"class_list":["post-38820","product","type-product","status-publish","format-standard","has-post-thumbnail","hentry","product-categories-round-bale-wrappers-fi"],"acf":[],"_links":{"self":[{"href":"https:\/\/www.mchale.net\/fi\/wp-json\/wp\/v2\/product\/38820","targetHints":{"allow":["GET"]}}],"collection":[{"href":"https:\/\/www.mchale.net\/fi\/wp-json\/wp\/v2\/product"}],"about":[{"href":"https:\/\/www.mchale.net\/fi\/wp-json\/wp\/v2\/types\/product"}],"author":[{"embeddable":true,"href":"https:\/\/www.mchale.net\/fi\/wp-json\/wp\/v2\/users\/4"}],"replies":[{"embeddable":true,"href":"https:\/\/www.mchale.net\/fi\/wp-json\/wp\/v2\/comments?post=38820"}],"version-history":[{"count":0,"href":"https:\/\/www.mchale.net\/fi\/wp-json\/wp\/v2\/product\/38820\/revisions"}],"wp:featuredmedia":[{"embeddable":true,"href":"https:\/\/www.mchale.net\/fi\/wp-json\/wp\/v2\/media\/14839"}],"wp:attachment":[{"href":"https:\/\/www.mchale.net\/fi\/wp-json\/wp\/v2\/media?parent=38820"}],"wp:term":[{"taxonomy":"product-categories","embeddable":true,"href":"https:\/\/www.mchale.net\/fi\/wp-json\/wp\/v2\/product-categories?post=38820"}],"curies":[{"name":"wp","href":"https:\/\/api.w.org\/{rel}","templated":true}]}}