{"id":38824,"date":"2022-05-13T12:50:11","date_gmt":"2022-05-13T12:50:11","guid":{"rendered":"https:\/\/www.mchale.net\/products\/998-suurnopeus\/"},"modified":"2022-05-13T12:50:11","modified_gmt":"2022-05-13T12:50:11","slug":"998-suurnopeus","status":"publish","type":"product","link":"https:\/\/www.mchale.net\/fi\/products\/998-suurnopeus\/","title":{"rendered":"998 Suurnopeus"},"content":{"rendered":"<p>Neli\u00f6paalin k\u00e4\u00e4rin<\/p>\n","protected":false},"excerpt":{"rendered":"<p>Neli\u00f6paalin k\u00e4\u00e4rin<\/p>\n","protected":false},"author":3,"featured_media":16026,"menu_order":49,"comment_status":"open","ping_status":"open","template":"","format":"standard","meta":{"_acf_changed":false,"footnotes":""},"product-categories":[231],"class_list":["post-38824","product","type-product","status-publish","format-standard","has-post-thumbnail","hentry","product-categories-square-bale-wrappers-fi"],"acf":[],"_links":{"self":[{"href":"https:\/\/www.mchale.net\/fi\/wp-json\/wp\/v2\/product\/38824","targetHints":{"allow":["GET"]}}],"collection":[{"href":"https:\/\/www.mchale.net\/fi\/wp-json\/wp\/v2\/product"}],"about":[{"href":"https:\/\/www.mchale.net\/fi\/wp-json\/wp\/v2\/types\/product"}],"author":[{"embeddable":true,"href":"https:\/\/www.mchale.net\/fi\/wp-json\/wp\/v2\/users\/3"}],"replies":[{"embeddable":true,"href":"https:\/\/www.mchale.net\/fi\/wp-json\/wp\/v2\/comments?post=38824"}],"version-history":[{"count":0,"href":"https:\/\/www.mchale.net\/fi\/wp-json\/wp\/v2\/product\/38824\/revisions"}],"wp:featuredmedia":[{"embeddable":true,"href":"https:\/\/www.mchale.net\/fi\/wp-json\/wp\/v2\/media\/16026"}],"wp:attachment":[{"href":"https:\/\/www.mchale.net\/fi\/wp-json\/wp\/v2\/media?parent=38824"}],"wp:term":[{"taxonomy":"product-categories","embeddable":true,"href":"https:\/\/www.mchale.net\/fi\/wp-json\/wp\/v2\/product-categories?post=38824"}],"curies":[{"name":"wp","href":"https:\/\/api.w.org\/{rel}","templated":true}]}}