{"id":38831,"date":"2022-05-18T15:09:05","date_gmt":"2022-05-18T15:09:05","guid":{"rendered":"https:\/\/www.mchale.net\/products\/991-lber-yksittainen-annostelija\/"},"modified":"2024-03-01T09:35:25","modified_gmt":"2024-03-01T09:35:25","slug":"991-lber-yksittainen-annostelija","status":"publish","type":"product","link":"https:\/\/www.mchale.net\/fi\/products\/991-lber-yksittainen-annostelija\/","title":{"rendered":"991 LBER Yksitt\u00e4inen annostelija"},"content":{"rendered":"<p>Py\u00f6r\u00f6paalin k\u00e4\u00e4rint\u00e4laite<\/p>\n","protected":false},"excerpt":{"rendered":"<p>Py\u00f6r\u00f6paalin k\u00e4\u00e4rint\u00e4laite<\/p>\n","protected":false},"author":1,"featured_media":16627,"menu_order":8,"comment_status":"open","ping_status":"open","template":"","format":"standard","meta":{"_acf_changed":false,"footnotes":""},"product-categories":[1797],"class_list":["post-38831","product","type-product","status-publish","format-standard","has-post-thumbnail","hentry","product-categories-991l-fi"],"acf":[],"_links":{"self":[{"href":"https:\/\/www.mchale.net\/fi\/wp-json\/wp\/v2\/product\/38831","targetHints":{"allow":["GET"]}}],"collection":[{"href":"https:\/\/www.mchale.net\/fi\/wp-json\/wp\/v2\/product"}],"about":[{"href":"https:\/\/www.mchale.net\/fi\/wp-json\/wp\/v2\/types\/product"}],"author":[{"embeddable":true,"href":"https:\/\/www.mchale.net\/fi\/wp-json\/wp\/v2\/users\/1"}],"replies":[{"embeddable":true,"href":"https:\/\/www.mchale.net\/fi\/wp-json\/wp\/v2\/comments?post=38831"}],"version-history":[{"count":1,"href":"https:\/\/www.mchale.net\/fi\/wp-json\/wp\/v2\/product\/38831\/revisions"}],"predecessor-version":[{"id":118070,"href":"https:\/\/www.mchale.net\/fi\/wp-json\/wp\/v2\/product\/38831\/revisions\/118070"}],"wp:featuredmedia":[{"embeddable":true,"href":"https:\/\/www.mchale.net\/fi\/wp-json\/wp\/v2\/media\/16627"}],"wp:attachment":[{"href":"https:\/\/www.mchale.net\/fi\/wp-json\/wp\/v2\/media?parent=38831"}],"wp:term":[{"taxonomy":"product-categories","embeddable":true,"href":"https:\/\/www.mchale.net\/fi\/wp-json\/wp\/v2\/product-categories?post=38831"}],"curies":[{"name":"wp","href":"https:\/\/api.w.org\/{rel}","templated":true}]}}