{"id":38847,"date":"2022-05-18T15:25:06","date_gmt":"2022-05-18T15:25:06","guid":{"rendered":"https:\/\/www.mchale.net\/products\/991-tber-yksittainen-annostelija\/"},"modified":"2024-03-01T09:35:36","modified_gmt":"2024-03-01T09:35:36","slug":"991-tber-yksittainen-annostelija","status":"publish","type":"product","link":"https:\/\/www.mchale.net\/fi\/products\/991-tber-yksittainen-annostelija\/","title":{"rendered":"991 TBER Yksitt\u00e4inen annostelija"},"content":{"rendered":"<p>Py\u00f6re\u00e4 paali vedett\u00e4v\u00e4 k\u00e4\u00e4rin<\/p>\n","protected":false},"excerpt":{"rendered":"<p>Py\u00f6re\u00e4 paali vedett\u00e4v\u00e4 k\u00e4\u00e4rin<\/p>\n","protected":false},"author":1,"featured_media":16640,"menu_order":10,"comment_status":"open","ping_status":"open","template":"","format":"standard","meta":{"_acf_changed":false,"footnotes":""},"product-categories":[1797],"class_list":["post-38847","product","type-product","status-publish","format-standard","has-post-thumbnail","hentry","product-categories-991l-fi"],"acf":[],"_links":{"self":[{"href":"https:\/\/www.mchale.net\/fi\/wp-json\/wp\/v2\/product\/38847","targetHints":{"allow":["GET"]}}],"collection":[{"href":"https:\/\/www.mchale.net\/fi\/wp-json\/wp\/v2\/product"}],"about":[{"href":"https:\/\/www.mchale.net\/fi\/wp-json\/wp\/v2\/types\/product"}],"author":[{"embeddable":true,"href":"https:\/\/www.mchale.net\/fi\/wp-json\/wp\/v2\/users\/1"}],"replies":[{"embeddable":true,"href":"https:\/\/www.mchale.net\/fi\/wp-json\/wp\/v2\/comments?post=38847"}],"version-history":[{"count":1,"href":"https:\/\/www.mchale.net\/fi\/wp-json\/wp\/v2\/product\/38847\/revisions"}],"predecessor-version":[{"id":118071,"href":"https:\/\/www.mchale.net\/fi\/wp-json\/wp\/v2\/product\/38847\/revisions\/118071"}],"wp:featuredmedia":[{"embeddable":true,"href":"https:\/\/www.mchale.net\/fi\/wp-json\/wp\/v2\/media\/16640"}],"wp:attachment":[{"href":"https:\/\/www.mchale.net\/fi\/wp-json\/wp\/v2\/media?parent=38847"}],"wp:term":[{"taxonomy":"product-categories","embeddable":true,"href":"https:\/\/www.mchale.net\/fi\/wp-json\/wp\/v2\/product-categories?post=38847"}],"curies":[{"name":"wp","href":"https:\/\/api.w.org\/{rel}","templated":true}]}}