{"id":38855,"date":"2022-05-16T08:33:23","date_gmt":"2022-05-16T08:33:23","guid":{"rendered":"https:\/\/www.mchale.net\/products\/r5\/"},"modified":"2023-01-13T12:12:15","modified_gmt":"2023-01-13T12:12:15","slug":"r5","status":"publish","type":"product","link":"https:\/\/www.mchale.net\/fi\/products\/r5\/","title":{"rendered":"R5"},"content":{"rendered":"<p>Py\u00f6r\u00f6paalin k\u00e4sittelij\u00e4<\/p>\n","protected":false},"excerpt":{"rendered":"<p>Py\u00f6r\u00f6paalin k\u00e4sittelij\u00e4<\/p>\n","protected":false},"author":3,"featured_media":16104,"menu_order":45,"comment_status":"open","ping_status":"open","template":"","format":"standard","meta":{"_acf_changed":false,"footnotes":""},"product-categories":[244],"class_list":["post-38855","product","type-product","status-publish","format-standard","has-post-thumbnail","hentry","product-categories-handling-equipment-fi"],"acf":[],"_links":{"self":[{"href":"https:\/\/www.mchale.net\/fi\/wp-json\/wp\/v2\/product\/38855","targetHints":{"allow":["GET"]}}],"collection":[{"href":"https:\/\/www.mchale.net\/fi\/wp-json\/wp\/v2\/product"}],"about":[{"href":"https:\/\/www.mchale.net\/fi\/wp-json\/wp\/v2\/types\/product"}],"author":[{"embeddable":true,"href":"https:\/\/www.mchale.net\/fi\/wp-json\/wp\/v2\/users\/3"}],"replies":[{"embeddable":true,"href":"https:\/\/www.mchale.net\/fi\/wp-json\/wp\/v2\/comments?post=38855"}],"version-history":[{"count":1,"href":"https:\/\/www.mchale.net\/fi\/wp-json\/wp\/v2\/product\/38855\/revisions"}],"predecessor-version":[{"id":60424,"href":"https:\/\/www.mchale.net\/fi\/wp-json\/wp\/v2\/product\/38855\/revisions\/60424"}],"wp:featuredmedia":[{"embeddable":true,"href":"https:\/\/www.mchale.net\/fi\/wp-json\/wp\/v2\/media\/16104"}],"wp:attachment":[{"href":"https:\/\/www.mchale.net\/fi\/wp-json\/wp\/v2\/media?parent=38855"}],"wp:term":[{"taxonomy":"product-categories","embeddable":true,"href":"https:\/\/www.mchale.net\/fi\/wp-json\/wp\/v2\/product-categories?post=38855"}],"curies":[{"name":"wp","href":"https:\/\/api.w.org\/{rel}","templated":true}]}}