{"id":38864,"date":"2022-05-19T08:13:31","date_gmt":"2022-05-19T08:13:31","guid":{"rendered":"https:\/\/www.mchale.net\/products\/991-bc-kaapelin-ohjaus\/"},"modified":"2022-05-19T08:13:31","modified_gmt":"2022-05-19T08:13:31","slug":"991-bc-kaapelin-ohjaus","status":"publish","type":"product","link":"https:\/\/www.mchale.net\/fi\/products\/991-bc-kaapelin-ohjaus\/","title":{"rendered":"991 BC Kaapelin ohjaus"},"content":{"rendered":"<p>Vedett\u00e4v\u00e4 py\u00f6re\u00e4n paalin k\u00e4\u00e4rint\u00e4laite<\/p>\n","protected":false},"excerpt":{"rendered":"<p>Vedett\u00e4v\u00e4 py\u00f6re\u00e4n paalin k\u00e4\u00e4rint\u00e4laite<\/p>\n","protected":false},"author":4,"featured_media":12004,"menu_order":11,"comment_status":"open","ping_status":"open","template":"","format":"standard","meta":{"_acf_changed":false,"footnotes":""},"product-categories":[1784],"class_list":["post-38864","product","type-product","status-publish","format-standard","has-post-thumbnail","hentry","product-categories-991b-fi"],"acf":[],"_links":{"self":[{"href":"https:\/\/www.mchale.net\/fi\/wp-json\/wp\/v2\/product\/38864","targetHints":{"allow":["GET"]}}],"collection":[{"href":"https:\/\/www.mchale.net\/fi\/wp-json\/wp\/v2\/product"}],"about":[{"href":"https:\/\/www.mchale.net\/fi\/wp-json\/wp\/v2\/types\/product"}],"author":[{"embeddable":true,"href":"https:\/\/www.mchale.net\/fi\/wp-json\/wp\/v2\/users\/4"}],"replies":[{"embeddable":true,"href":"https:\/\/www.mchale.net\/fi\/wp-json\/wp\/v2\/comments?post=38864"}],"version-history":[{"count":0,"href":"https:\/\/www.mchale.net\/fi\/wp-json\/wp\/v2\/product\/38864\/revisions"}],"wp:featuredmedia":[{"embeddable":true,"href":"https:\/\/www.mchale.net\/fi\/wp-json\/wp\/v2\/media\/12004"}],"wp:attachment":[{"href":"https:\/\/www.mchale.net\/fi\/wp-json\/wp\/v2\/media?parent=38864"}],"wp:term":[{"taxonomy":"product-categories","embeddable":true,"href":"https:\/\/www.mchale.net\/fi\/wp-json\/wp\/v2\/product-categories?post=38864"}],"curies":[{"name":"wp","href":"https:\/\/api.w.org\/{rel}","templated":true}]}}