{"id":38868,"date":"2022-05-16T07:40:31","date_gmt":"2022-05-16T07:40:31","guid":{"rendered":"https:\/\/www.mchale.net\/products\/691\/"},"modified":"2023-01-13T12:13:13","modified_gmt":"2023-01-13T12:13:13","slug":"691","status":"publish","type":"product","link":"https:\/\/www.mchale.net\/fi\/products\/691\/","title":{"rendered":"691"},"content":{"rendered":"<p>Py\u00f6r\u00f6paalin k\u00e4sittelij\u00e4<\/p>\n","protected":false},"excerpt":{"rendered":"<p>Py\u00f6r\u00f6paalin k\u00e4sittelij\u00e4<\/p>\n","protected":false},"author":3,"featured_media":16117,"menu_order":46,"comment_status":"open","ping_status":"open","template":"","format":"standard","meta":{"_acf_changed":false,"footnotes":""},"product-categories":[244],"class_list":["post-38868","product","type-product","status-publish","format-standard","has-post-thumbnail","hentry","product-categories-handling-equipment-fi"],"acf":[],"_links":{"self":[{"href":"https:\/\/www.mchale.net\/fi\/wp-json\/wp\/v2\/product\/38868","targetHints":{"allow":["GET"]}}],"collection":[{"href":"https:\/\/www.mchale.net\/fi\/wp-json\/wp\/v2\/product"}],"about":[{"href":"https:\/\/www.mchale.net\/fi\/wp-json\/wp\/v2\/types\/product"}],"author":[{"embeddable":true,"href":"https:\/\/www.mchale.net\/fi\/wp-json\/wp\/v2\/users\/3"}],"replies":[{"embeddable":true,"href":"https:\/\/www.mchale.net\/fi\/wp-json\/wp\/v2\/comments?post=38868"}],"version-history":[{"count":1,"href":"https:\/\/www.mchale.net\/fi\/wp-json\/wp\/v2\/product\/38868\/revisions"}],"predecessor-version":[{"id":60425,"href":"https:\/\/www.mchale.net\/fi\/wp-json\/wp\/v2\/product\/38868\/revisions\/60425"}],"wp:featuredmedia":[{"embeddable":true,"href":"https:\/\/www.mchale.net\/fi\/wp-json\/wp\/v2\/media\/16117"}],"wp:attachment":[{"href":"https:\/\/www.mchale.net\/fi\/wp-json\/wp\/v2\/media?parent=38868"}],"wp:term":[{"taxonomy":"product-categories","embeddable":true,"href":"https:\/\/www.mchale.net\/fi\/wp-json\/wp\/v2\/product-categories?post=38868"}],"curies":[{"name":"wp","href":"https:\/\/api.w.org\/{rel}","templated":true}]}}