{"id":122245,"date":"2023-11-07T14:17:04","date_gmt":"2023-11-07T14:17:04","guid":{"rendered":"https:\/\/www.mchale.net\/products\/v8960\/"},"modified":"2025-11-07T16:16:04","modified_gmt":"2025-11-07T16:16:04","slug":"v8960","status":"publish","type":"product","link":"https:\/\/www.mchale.net\/fr\/products\/v8960\/","title":{"rendered":"V8960-II"},"content":{"rendered":"<p>Presse \u00e0 balles ronde grand diam\u00e8tre avec syst\u00e8me de coupe enti\u00e8rement automatique<\/p>\n","protected":false},"excerpt":{"rendered":"<p>Presse \u00e0 balles ronde grand diam\u00e8tre avec syst\u00e8me de coupe enti\u00e8rement automatique<\/p>\n","protected":false},"author":5,"featured_media":125156,"menu_order":40,"comment_status":"open","ping_status":"open","template":"","format":"standard","meta":{"_acf_changed":false,"footnotes":""},"product-categories":[194],"class_list":["post-122245","product","type-product","status-publish","format-standard","has-post-thumbnail","hentry","product-categories-variable-chamber-round-balers-fr"],"acf":[],"_links":{"self":[{"href":"https:\/\/www.mchale.net\/fr\/wp-json\/wp\/v2\/product\/122245","targetHints":{"allow":["GET"]}}],"collection":[{"href":"https:\/\/www.mchale.net\/fr\/wp-json\/wp\/v2\/product"}],"about":[{"href":"https:\/\/www.mchale.net\/fr\/wp-json\/wp\/v2\/types\/product"}],"author":[{"embeddable":true,"href":"https:\/\/www.mchale.net\/fr\/wp-json\/wp\/v2\/users\/5"}],"replies":[{"embeddable":true,"href":"https:\/\/www.mchale.net\/fr\/wp-json\/wp\/v2\/comments?post=122245"}],"version-history":[{"count":6,"href":"https:\/\/www.mchale.net\/fr\/wp-json\/wp\/v2\/product\/122245\/revisions"}],"predecessor-version":[{"id":125255,"href":"https:\/\/www.mchale.net\/fr\/wp-json\/wp\/v2\/product\/122245\/revisions\/125255"}],"wp:featuredmedia":[{"embeddable":true,"href":"https:\/\/www.mchale.net\/fr\/wp-json\/wp\/v2\/media\/125156"}],"wp:attachment":[{"href":"https:\/\/www.mchale.net\/fr\/wp-json\/wp\/v2\/media?parent=122245"}],"wp:term":[{"taxonomy":"product-categories","embeddable":true,"href":"https:\/\/www.mchale.net\/fr\/wp-json\/wp\/v2\/product-categories?post=122245"}],"curies":[{"name":"wp","href":"https:\/\/api.w.org\/{rel}","templated":true}]}}