{"id":122337,"date":"2024-09-16T14:50:27","date_gmt":"2024-09-16T14:50:27","guid":{"rendered":"https:\/\/www.mchale.net\/products\/f5-560-plus\/"},"modified":"2025-02-17T11:28:33","modified_gmt":"2025-02-17T11:28:33","slug":"f5-560-plus","status":"publish","type":"product","link":"https:\/\/www.mchale.net\/fr\/products\/f5-560-plus\/","title":{"rendered":"F5-560-Plus"},"content":{"rendered":"<p>Presse \u00e0 balles rondes avec syst\u00e8me de coupe \u00e0 25 couteaux et technologie de liage par film<\/p>\n","protected":false},"excerpt":{"rendered":"<p>Presse \u00e0 balles rondes avec syst\u00e8me de coupe \u00e0 25 couteaux et technologie de liage par film<\/p>\n","protected":false},"author":5,"featured_media":120158,"menu_order":56,"comment_status":"open","ping_status":"open","template":"","format":"standard","meta":{"_acf_changed":false,"footnotes":""},"product-categories":[182],"class_list":["post-122337","product","type-product","status-publish","format-standard","has-post-thumbnail","hentry","product-categories-fixed-chamber-round-balers-fr"],"acf":[],"_links":{"self":[{"href":"https:\/\/www.mchale.net\/fr\/wp-json\/wp\/v2\/product\/122337","targetHints":{"allow":["GET"]}}],"collection":[{"href":"https:\/\/www.mchale.net\/fr\/wp-json\/wp\/v2\/product"}],"about":[{"href":"https:\/\/www.mchale.net\/fr\/wp-json\/wp\/v2\/types\/product"}],"author":[{"embeddable":true,"href":"https:\/\/www.mchale.net\/fr\/wp-json\/wp\/v2\/users\/5"}],"replies":[{"embeddable":true,"href":"https:\/\/www.mchale.net\/fr\/wp-json\/wp\/v2\/comments?post=122337"}],"version-history":[{"count":2,"href":"https:\/\/www.mchale.net\/fr\/wp-json\/wp\/v2\/product\/122337\/revisions"}],"predecessor-version":[{"id":122374,"href":"https:\/\/www.mchale.net\/fr\/wp-json\/wp\/v2\/product\/122337\/revisions\/122374"}],"wp:featuredmedia":[{"embeddable":true,"href":"https:\/\/www.mchale.net\/fr\/wp-json\/wp\/v2\/media\/120158"}],"wp:attachment":[{"href":"https:\/\/www.mchale.net\/fr\/wp-json\/wp\/v2\/media?parent=122337"}],"wp:term":[{"taxonomy":"product-categories","embeddable":true,"href":"https:\/\/www.mchale.net\/fr\/wp-json\/wp\/v2\/product-categories?post=122337"}],"curies":[{"name":"wp","href":"https:\/\/api.w.org\/{rel}","templated":true}]}}