{"id":33169,"date":"2022-05-19T08:13:31","date_gmt":"2022-05-19T08:13:31","guid":{"rendered":"https:\/\/www.mchale.net\/products\/991-bc\/"},"modified":"2022-12-13T08:50:07","modified_gmt":"2022-12-13T08:50:07","slug":"991-bc","status":"publish","type":"product","link":"https:\/\/www.mchale.net\/fr\/products\/991-bc\/","title":{"rendered":"991 BC"},"content":{"rendered":"<p>Enrubanneuse Tra\u00een\u00e9e \u00e0 Balles Rondes<\/p>\n","protected":false},"excerpt":{"rendered":"<p>Enrubanneuse Tra\u00een\u00e9e \u00e0 Balles Rondes<\/p>\n","protected":false},"author":4,"featured_media":12005,"menu_order":10,"comment_status":"open","ping_status":"open","template":"","format":"standard","meta":{"_acf_changed":false,"footnotes":""},"product-categories":[1785],"class_list":["post-33169","product","type-product","status-publish","format-standard","has-post-thumbnail","hentry","product-categories-991b-fr"],"acf":[],"_links":{"self":[{"href":"https:\/\/www.mchale.net\/fr\/wp-json\/wp\/v2\/product\/33169","targetHints":{"allow":["GET"]}}],"collection":[{"href":"https:\/\/www.mchale.net\/fr\/wp-json\/wp\/v2\/product"}],"about":[{"href":"https:\/\/www.mchale.net\/fr\/wp-json\/wp\/v2\/types\/product"}],"author":[{"embeddable":true,"href":"https:\/\/www.mchale.net\/fr\/wp-json\/wp\/v2\/users\/4"}],"replies":[{"embeddable":true,"href":"https:\/\/www.mchale.net\/fr\/wp-json\/wp\/v2\/comments?post=33169"}],"version-history":[{"count":1,"href":"https:\/\/www.mchale.net\/fr\/wp-json\/wp\/v2\/product\/33169\/revisions"}],"predecessor-version":[{"id":37433,"href":"https:\/\/www.mchale.net\/fr\/wp-json\/wp\/v2\/product\/33169\/revisions\/37433"}],"wp:featuredmedia":[{"embeddable":true,"href":"https:\/\/www.mchale.net\/fr\/wp-json\/wp\/v2\/media\/12005"}],"wp:attachment":[{"href":"https:\/\/www.mchale.net\/fr\/wp-json\/wp\/v2\/media?parent=33169"}],"wp:term":[{"taxonomy":"product-categories","embeddable":true,"href":"https:\/\/www.mchale.net\/fr\/wp-json\/wp\/v2\/product-categories?post=33169"}],"curies":[{"name":"wp","href":"https:\/\/api.w.org\/{rel}","templated":true}]}}