{"id":33170,"date":"2022-05-20T11:00:55","date_gmt":"2022-05-20T11:00:55","guid":{"rendered":"https:\/\/www.mchale.net\/products\/991-be-entierement-automatique\/"},"modified":"2022-12-13T08:49:41","modified_gmt":"2022-12-13T08:49:41","slug":"991-be-entierement-automatique","status":"publish","type":"product","link":"https:\/\/www.mchale.net\/fr\/products\/991-be-entierement-automatique\/","title":{"rendered":"991 BE Enti\u00e8rement Automatique"},"content":{"rendered":"<p>Enrubanneuse Tra\u00een\u00e9e \u00e0 Balles Rondes<\/p>\n","protected":false},"excerpt":{"rendered":"<p>Enrubanneuse Tra\u00een\u00e9e \u00e0 Balles Rondes<\/p>\n","protected":false},"author":4,"featured_media":14317,"menu_order":12,"comment_status":"open","ping_status":"open","template":"","format":"standard","meta":{"_acf_changed":false,"footnotes":""},"product-categories":[1785],"class_list":["post-33170","product","type-product","status-publish","format-standard","has-post-thumbnail","hentry","product-categories-991b-fr"],"acf":[],"_links":{"self":[{"href":"https:\/\/www.mchale.net\/fr\/wp-json\/wp\/v2\/product\/33170","targetHints":{"allow":["GET"]}}],"collection":[{"href":"https:\/\/www.mchale.net\/fr\/wp-json\/wp\/v2\/product"}],"about":[{"href":"https:\/\/www.mchale.net\/fr\/wp-json\/wp\/v2\/types\/product"}],"author":[{"embeddable":true,"href":"https:\/\/www.mchale.net\/fr\/wp-json\/wp\/v2\/users\/4"}],"replies":[{"embeddable":true,"href":"https:\/\/www.mchale.net\/fr\/wp-json\/wp\/v2\/comments?post=33170"}],"version-history":[{"count":1,"href":"https:\/\/www.mchale.net\/fr\/wp-json\/wp\/v2\/product\/33170\/revisions"}],"predecessor-version":[{"id":37432,"href":"https:\/\/www.mchale.net\/fr\/wp-json\/wp\/v2\/product\/33170\/revisions\/37432"}],"wp:featuredmedia":[{"embeddable":true,"href":"https:\/\/www.mchale.net\/fr\/wp-json\/wp\/v2\/media\/14317"}],"wp:attachment":[{"href":"https:\/\/www.mchale.net\/fr\/wp-json\/wp\/v2\/media?parent=33170"}],"wp:term":[{"taxonomy":"product-categories","embeddable":true,"href":"https:\/\/www.mchale.net\/fr\/wp-json\/wp\/v2\/product-categories?post=33170"}],"curies":[{"name":"wp","href":"https:\/\/api.w.org\/{rel}","templated":true}]}}