{"id":33171,"date":"2022-05-20T11:29:10","date_gmt":"2022-05-20T11:29:10","guid":{"rendered":"https:\/\/www.mchale.net\/products\/991-bjs-commande-par-joystick\/"},"modified":"2022-12-13T08:49:01","modified_gmt":"2022-12-13T08:49:01","slug":"991-bjs-commande-par-joystick","status":"publish","type":"product","link":"https:\/\/www.mchale.net\/fr\/products\/991-bjs-commande-par-joystick\/","title":{"rendered":"991 BJS Commande Par Joystick"},"content":{"rendered":"<p>Enrubanneuse Tra\u00een\u00e9e \u00e0 Balles Rondes<\/p>\n","protected":false},"excerpt":{"rendered":"<p>Enrubanneuse Tra\u00een\u00e9e \u00e0 Balles Rondes<\/p>\n","protected":false},"author":4,"featured_media":14426,"menu_order":11,"comment_status":"open","ping_status":"open","template":"","format":"standard","meta":{"_acf_changed":false,"footnotes":""},"product-categories":[1785],"class_list":["post-33171","product","type-product","status-publish","format-standard","has-post-thumbnail","hentry","product-categories-991b-fr"],"acf":[],"_links":{"self":[{"href":"https:\/\/www.mchale.net\/fr\/wp-json\/wp\/v2\/product\/33171","targetHints":{"allow":["GET"]}}],"collection":[{"href":"https:\/\/www.mchale.net\/fr\/wp-json\/wp\/v2\/product"}],"about":[{"href":"https:\/\/www.mchale.net\/fr\/wp-json\/wp\/v2\/types\/product"}],"author":[{"embeddable":true,"href":"https:\/\/www.mchale.net\/fr\/wp-json\/wp\/v2\/users\/4"}],"replies":[{"embeddable":true,"href":"https:\/\/www.mchale.net\/fr\/wp-json\/wp\/v2\/comments?post=33171"}],"version-history":[{"count":1,"href":"https:\/\/www.mchale.net\/fr\/wp-json\/wp\/v2\/product\/33171\/revisions"}],"predecessor-version":[{"id":37431,"href":"https:\/\/www.mchale.net\/fr\/wp-json\/wp\/v2\/product\/33171\/revisions\/37431"}],"wp:featuredmedia":[{"embeddable":true,"href":"https:\/\/www.mchale.net\/fr\/wp-json\/wp\/v2\/media\/14426"}],"wp:attachment":[{"href":"https:\/\/www.mchale.net\/fr\/wp-json\/wp\/v2\/media?parent=33171"}],"wp:term":[{"taxonomy":"product-categories","embeddable":true,"href":"https:\/\/www.mchale.net\/fr\/wp-json\/wp\/v2\/product-categories?post=33171"}],"curies":[{"name":"wp","href":"https:\/\/api.w.org\/{rel}","templated":true}]}}