{"id":25037,"date":"2022-05-18T15:43:22","date_gmt":"2022-05-18T15:43:22","guid":{"rendered":"https:\/\/www.mchale.net\/felhasznalasi-feltetelek\/"},"modified":"2025-06-18T11:19:33","modified_gmt":"2025-06-18T11:19:33","slug":"felhasznalasi-feltetelek","status":"publish","type":"page","link":"https:\/\/www.mchale.net\/hu\/felhasznalasi-feltetelek\/","title":{"rendered":"Felhaszn\u00e1l\u00e1si felt\u00e9telek"},"content":{"rendered":"","protected":false},"excerpt":{"rendered":"","protected":false},"author":3,"featured_media":3515,"parent":0,"menu_order":0,"comment_status":"closed","ping_status":"closed","template":"template_about_us.php","meta":{"_acf_changed":false,"footnotes":""},"class_list":["post-25037","page","type-page","status-publish","has-post-thumbnail","hentry"],"acf":[],"_links":{"self":[{"href":"https:\/\/www.mchale.net\/hu\/wp-json\/wp\/v2\/pages\/25037","targetHints":{"allow":["GET"]}}],"collection":[{"href":"https:\/\/www.mchale.net\/hu\/wp-json\/wp\/v2\/pages"}],"about":[{"href":"https:\/\/www.mchale.net\/hu\/wp-json\/wp\/v2\/types\/page"}],"author":[{"embeddable":true,"href":"https:\/\/www.mchale.net\/hu\/wp-json\/wp\/v2\/users\/3"}],"replies":[{"embeddable":true,"href":"https:\/\/www.mchale.net\/hu\/wp-json\/wp\/v2\/comments?post=25037"}],"version-history":[{"count":1,"href":"https:\/\/www.mchale.net\/hu\/wp-json\/wp\/v2\/pages\/25037\/revisions"}],"predecessor-version":[{"id":25046,"href":"https:\/\/www.mchale.net\/hu\/wp-json\/wp\/v2\/pages\/25037\/revisions\/25046"}],"wp:featuredmedia":[{"embeddable":true,"href":"https:\/\/www.mchale.net\/hu\/wp-json\/wp\/v2\/media\/3515"}],"wp:attachment":[{"href":"https:\/\/www.mchale.net\/hu\/wp-json\/wp\/v2\/media?parent=25037"}],"curies":[{"name":"wp","href":"https:\/\/api.w.org\/{rel}","templated":true}]}}