{"id":117525,"date":"2023-09-18T11:53:27","date_gmt":"2023-09-18T11:53:27","guid":{"rendered":"https:\/\/www.mchale.net\/products\/propel-t8-1020-tedder\/"},"modified":"2024-10-08T13:57:52","modified_gmt":"2024-10-08T13:57:52","slug":"propel-t8-1020-tedder","status":"publish","type":"product","link":"https:\/\/www.mchale.net\/hu\/products\/propel-t8-1020-tedder\/","title":{"rendered":"ProPel T8-1020 rendter\u00edt\u0151"},"content":{"rendered":"<p>Vontatott rendter\u00edt\u0151<\/p>\n","protected":false},"excerpt":{"rendered":"<p>Vontatott rendter\u00edt\u0151<\/p>\n","protected":false},"author":5,"featured_media":72510,"menu_order":1,"comment_status":"closed","ping_status":"open","template":"","format":"standard","meta":{"_acf_changed":false,"footnotes":""},"product-categories":[1872],"class_list":["post-117525","product","type-product","status-publish","format-standard","has-post-thumbnail","hentry","product-categories-propel-tedders-hu"],"acf":[],"_links":{"self":[{"href":"https:\/\/www.mchale.net\/hu\/wp-json\/wp\/v2\/product\/117525","targetHints":{"allow":["GET"]}}],"collection":[{"href":"https:\/\/www.mchale.net\/hu\/wp-json\/wp\/v2\/product"}],"about":[{"href":"https:\/\/www.mchale.net\/hu\/wp-json\/wp\/v2\/types\/product"}],"author":[{"embeddable":true,"href":"https:\/\/www.mchale.net\/hu\/wp-json\/wp\/v2\/users\/5"}],"replies":[{"embeddable":true,"href":"https:\/\/www.mchale.net\/hu\/wp-json\/wp\/v2\/comments?post=117525"}],"version-history":[{"count":5,"href":"https:\/\/www.mchale.net\/hu\/wp-json\/wp\/v2\/product\/117525\/revisions"}],"predecessor-version":[{"id":121088,"href":"https:\/\/www.mchale.net\/hu\/wp-json\/wp\/v2\/product\/117525\/revisions\/121088"}],"wp:featuredmedia":[{"embeddable":true,"href":"https:\/\/www.mchale.net\/hu\/wp-json\/wp\/v2\/media\/72510"}],"wp:attachment":[{"href":"https:\/\/www.mchale.net\/hu\/wp-json\/wp\/v2\/media?parent=117525"}],"wp:term":[{"taxonomy":"product-categories","embeddable":true,"href":"https:\/\/www.mchale.net\/hu\/wp-json\/wp\/v2\/product-categories?post=117525"}],"curies":[{"name":"wp","href":"https:\/\/api.w.org\/{rel}","templated":true}]}}