{"id":117540,"date":"2023-09-18T11:54:10","date_gmt":"2023-09-18T11:54:10","guid":{"rendered":"https:\/\/www.mchale.net\/products\/propel-m6-770-tedder\/"},"modified":"2024-01-22T09:55:52","modified_gmt":"2024-01-22T09:55:52","slug":"propel-m6-770-tedder","status":"publish","type":"product","link":"https:\/\/www.mchale.net\/hu\/products\/propel-m6-770-tedder\/","title":{"rendered":"ProPel M6-770 rendter\u00edt\u0151k"},"content":{"rendered":"<p>F\u00fcggesztett rendter\u00edt\u0151<\/p>\n","protected":false},"excerpt":{"rendered":"<p>F\u00fcggesztett rendter\u00edt\u0151<\/p>\n","protected":false},"author":5,"featured_media":72207,"menu_order":0,"comment_status":"closed","ping_status":"open","template":"","format":"standard","meta":{"_acf_changed":false,"footnotes":""},"product-categories":[1872],"class_list":["post-117540","product","type-product","status-publish","format-standard","has-post-thumbnail","hentry","product-categories-propel-tedders-hu"],"acf":[],"_links":{"self":[{"href":"https:\/\/www.mchale.net\/hu\/wp-json\/wp\/v2\/product\/117540","targetHints":{"allow":["GET"]}}],"collection":[{"href":"https:\/\/www.mchale.net\/hu\/wp-json\/wp\/v2\/product"}],"about":[{"href":"https:\/\/www.mchale.net\/hu\/wp-json\/wp\/v2\/types\/product"}],"author":[{"embeddable":true,"href":"https:\/\/www.mchale.net\/hu\/wp-json\/wp\/v2\/users\/5"}],"replies":[{"embeddable":true,"href":"https:\/\/www.mchale.net\/hu\/wp-json\/wp\/v2\/comments?post=117540"}],"version-history":[{"count":2,"href":"https:\/\/www.mchale.net\/hu\/wp-json\/wp\/v2\/product\/117540\/revisions"}],"predecessor-version":[{"id":117546,"href":"https:\/\/www.mchale.net\/hu\/wp-json\/wp\/v2\/product\/117540\/revisions\/117546"}],"wp:featuredmedia":[{"embeddable":true,"href":"https:\/\/www.mchale.net\/hu\/wp-json\/wp\/v2\/media\/72207"}],"wp:attachment":[{"href":"https:\/\/www.mchale.net\/hu\/wp-json\/wp\/v2\/media?parent=117540"}],"wp:term":[{"taxonomy":"product-categories","embeddable":true,"href":"https:\/\/www.mchale.net\/hu\/wp-json\/wp\/v2\/product-categories?post=117540"}],"curies":[{"name":"wp","href":"https:\/\/api.w.org\/{rel}","templated":true}]}}