{"id":117542,"date":"2023-01-25T11:43:13","date_gmt":"2023-01-25T11:43:13","guid":{"rendered":"https:\/\/www.mchale.net\/products\/r310-szarserto-nelkuli-fukasza\/"},"modified":"2024-01-22T09:46:14","modified_gmt":"2024-01-22T09:46:14","slug":"r310-szarserto-nelkuli-fukasza","status":"publish","type":"product","link":"https:\/\/www.mchale.net\/hu\/products\/r310-szarserto-nelkuli-fukasza\/","title":{"rendered":"R310 &#8211; sz\u00e1rs\u00e9rt\u0151 n\u00e9lk\u00fcli f\u0171kasza"},"content":{"rendered":"<p>Pro Glide f\u0171kasza<\/p>\n","protected":false},"excerpt":{"rendered":"<p>Pro Glide f\u0171kasza<\/p>\n","protected":false},"author":5,"featured_media":61198,"menu_order":21,"comment_status":"open","ping_status":"open","template":"","format":"standard","meta":{"_acf_changed":false,"footnotes":""},"product-categories":[481],"class_list":["post-117542","product","type-product","status-publish","format-standard","has-post-thumbnail","hentry","product-categories-pro-glide-mowers-hu"],"acf":[],"_links":{"self":[{"href":"https:\/\/www.mchale.net\/hu\/wp-json\/wp\/v2\/product\/117542","targetHints":{"allow":["GET"]}}],"collection":[{"href":"https:\/\/www.mchale.net\/hu\/wp-json\/wp\/v2\/product"}],"about":[{"href":"https:\/\/www.mchale.net\/hu\/wp-json\/wp\/v2\/types\/product"}],"author":[{"embeddable":true,"href":"https:\/\/www.mchale.net\/hu\/wp-json\/wp\/v2\/users\/5"}],"replies":[{"embeddable":true,"href":"https:\/\/www.mchale.net\/hu\/wp-json\/wp\/v2\/comments?post=117542"}],"version-history":[{"count":1,"href":"https:\/\/www.mchale.net\/hu\/wp-json\/wp\/v2\/product\/117542\/revisions"}],"predecessor-version":[{"id":117544,"href":"https:\/\/www.mchale.net\/hu\/wp-json\/wp\/v2\/product\/117542\/revisions\/117544"}],"wp:featuredmedia":[{"embeddable":true,"href":"https:\/\/www.mchale.net\/hu\/wp-json\/wp\/v2\/media\/61198"}],"wp:attachment":[{"href":"https:\/\/www.mchale.net\/hu\/wp-json\/wp\/v2\/media?parent=117542"}],"wp:term":[{"taxonomy":"product-categories","embeddable":true,"href":"https:\/\/www.mchale.net\/hu\/wp-json\/wp\/v2\/product-categories?post=117542"}],"curies":[{"name":"wp","href":"https:\/\/api.w.org\/{rel}","templated":true}]}}