{"id":121087,"date":"2024-09-16T14:49:47","date_gmt":"2024-09-16T14:49:47","guid":{"rendered":"https:\/\/www.mchale.net\/products\/f5-540\/"},"modified":"2026-01-15T13:16:15","modified_gmt":"2026-01-15T13:16:15","slug":"f5-540","status":"publish","type":"product","link":"https:\/\/www.mchale.net\/hu\/products\/f5-540\/","title":{"rendered":"F5-540"},"content":{"rendered":"<p>Szeletel\u0151 n\u00e9lk\u00fcli b\u00e1l\u00e1z\u00f3<\/p>\n","protected":false},"excerpt":{"rendered":"<p>Szeletel\u0151 n\u00e9lk\u00fcli b\u00e1l\u00e1z\u00f3<\/p>\n","protected":false},"author":5,"featured_media":120174,"menu_order":54,"comment_status":"open","ping_status":"open","template":"","format":"standard","meta":{"_acf_changed":false,"footnotes":""},"product-categories":[184],"class_list":["post-121087","product","type-product","status-publish","format-standard","has-post-thumbnail","hentry","product-categories-fixed-chamber-round-balers-hu"],"acf":[],"_links":{"self":[{"href":"https:\/\/www.mchale.net\/hu\/wp-json\/wp\/v2\/product\/121087","targetHints":{"allow":["GET"]}}],"collection":[{"href":"https:\/\/www.mchale.net\/hu\/wp-json\/wp\/v2\/product"}],"about":[{"href":"https:\/\/www.mchale.net\/hu\/wp-json\/wp\/v2\/types\/product"}],"author":[{"embeddable":true,"href":"https:\/\/www.mchale.net\/hu\/wp-json\/wp\/v2\/users\/5"}],"replies":[{"embeddable":true,"href":"https:\/\/www.mchale.net\/hu\/wp-json\/wp\/v2\/comments?post=121087"}],"version-history":[{"count":6,"href":"https:\/\/www.mchale.net\/hu\/wp-json\/wp\/v2\/product\/121087\/revisions"}],"predecessor-version":[{"id":125844,"href":"https:\/\/www.mchale.net\/hu\/wp-json\/wp\/v2\/product\/121087\/revisions\/125844"}],"wp:featuredmedia":[{"embeddable":true,"href":"https:\/\/www.mchale.net\/hu\/wp-json\/wp\/v2\/media\/120174"}],"wp:attachment":[{"href":"https:\/\/www.mchale.net\/hu\/wp-json\/wp\/v2\/media?parent=121087"}],"wp:term":[{"taxonomy":"product-categories","embeddable":true,"href":"https:\/\/www.mchale.net\/hu\/wp-json\/wp\/v2\/product-categories?post=121087"}],"curies":[{"name":"wp","href":"https:\/\/api.w.org\/{rel}","templated":true}]}}