{"id":121089,"date":"2024-09-16T13:16:52","date_gmt":"2024-09-16T13:16:52","guid":{"rendered":"https:\/\/www.mchale.net\/products\/propel-t10-1260-rendterito\/"},"modified":"2024-09-16T13:16:52","modified_gmt":"2024-09-16T13:16:52","slug":"propel-t10-1260-rendterito","status":"publish","type":"product","link":"https:\/\/www.mchale.net\/hu\/products\/propel-t10-1260-rendterito\/","title":{"rendered":"ProPel T10-1260 rendter\u00edt\u0151"},"content":{"rendered":"<p>Vontatott rendter\u00edt\u0151<\/p>\n","protected":false},"excerpt":{"rendered":"<p>Vontatott rendter\u00edt\u0151<\/p>\n","protected":false},"author":5,"featured_media":72510,"menu_order":2,"comment_status":"closed","ping_status":"open","template":"","format":"standard","meta":{"_acf_changed":false,"footnotes":""},"product-categories":[1872],"class_list":["post-121089","product","type-product","status-publish","format-standard","has-post-thumbnail","hentry","product-categories-propel-tedders-hu"],"acf":[],"_links":{"self":[{"href":"https:\/\/www.mchale.net\/hu\/wp-json\/wp\/v2\/product\/121089","targetHints":{"allow":["GET"]}}],"collection":[{"href":"https:\/\/www.mchale.net\/hu\/wp-json\/wp\/v2\/product"}],"about":[{"href":"https:\/\/www.mchale.net\/hu\/wp-json\/wp\/v2\/types\/product"}],"author":[{"embeddable":true,"href":"https:\/\/www.mchale.net\/hu\/wp-json\/wp\/v2\/users\/5"}],"replies":[{"embeddable":true,"href":"https:\/\/www.mchale.net\/hu\/wp-json\/wp\/v2\/comments?post=121089"}],"version-history":[{"count":0,"href":"https:\/\/www.mchale.net\/hu\/wp-json\/wp\/v2\/product\/121089\/revisions"}],"wp:featuredmedia":[{"embeddable":true,"href":"https:\/\/www.mchale.net\/hu\/wp-json\/wp\/v2\/media\/72510"}],"wp:attachment":[{"href":"https:\/\/www.mchale.net\/hu\/wp-json\/wp\/v2\/media?parent=121089"}],"wp:term":[{"taxonomy":"product-categories","embeddable":true,"href":"https:\/\/www.mchale.net\/hu\/wp-json\/wp\/v2\/product-categories?post=121089"}],"curies":[{"name":"wp","href":"https:\/\/api.w.org\/{rel}","templated":true}]}}