{"id":122050,"date":"2024-09-16T14:50:12","date_gmt":"2024-09-16T14:50:12","guid":{"rendered":"https:\/\/www.mchale.net\/products\/f5-560\/"},"modified":"2026-01-15T13:17:18","modified_gmt":"2026-01-15T13:17:18","slug":"f5-560","status":"publish","type":"product","link":"https:\/\/www.mchale.net\/hu\/products\/f5-560\/","title":{"rendered":"F5-560"},"content":{"rendered":"<p>25 szeletel\u0151k\u00e9ses b\u00e1l\u00e1z\u00f3<\/p>\n","protected":false},"excerpt":{"rendered":"<p>25 szeletel\u0151k\u00e9ses b\u00e1l\u00e1z\u00f3<\/p>\n","protected":false},"author":5,"featured_media":120146,"menu_order":56,"comment_status":"open","ping_status":"open","template":"","format":"standard","meta":{"_acf_changed":false,"footnotes":""},"product-categories":[184],"class_list":["post-122050","product","type-product","status-publish","format-standard","has-post-thumbnail","hentry","product-categories-fixed-chamber-round-balers-hu"],"acf":[],"_links":{"self":[{"href":"https:\/\/www.mchale.net\/hu\/wp-json\/wp\/v2\/product\/122050","targetHints":{"allow":["GET"]}}],"collection":[{"href":"https:\/\/www.mchale.net\/hu\/wp-json\/wp\/v2\/product"}],"about":[{"href":"https:\/\/www.mchale.net\/hu\/wp-json\/wp\/v2\/types\/product"}],"author":[{"embeddable":true,"href":"https:\/\/www.mchale.net\/hu\/wp-json\/wp\/v2\/users\/5"}],"replies":[{"embeddable":true,"href":"https:\/\/www.mchale.net\/hu\/wp-json\/wp\/v2\/comments?post=122050"}],"version-history":[{"count":4,"href":"https:\/\/www.mchale.net\/hu\/wp-json\/wp\/v2\/product\/122050\/revisions"}],"predecessor-version":[{"id":125846,"href":"https:\/\/www.mchale.net\/hu\/wp-json\/wp\/v2\/product\/122050\/revisions\/125846"}],"wp:featuredmedia":[{"embeddable":true,"href":"https:\/\/www.mchale.net\/hu\/wp-json\/wp\/v2\/media\/120146"}],"wp:attachment":[{"href":"https:\/\/www.mchale.net\/hu\/wp-json\/wp\/v2\/media?parent=122050"}],"wp:term":[{"taxonomy":"product-categories","embeddable":true,"href":"https:\/\/www.mchale.net\/hu\/wp-json\/wp\/v2\/product-categories?post=122050"}],"curies":[{"name":"wp","href":"https:\/\/api.w.org\/{rel}","templated":true}]}}