{"id":122051,"date":"2023-09-05T13:21:56","date_gmt":"2023-09-05T13:21:56","guid":{"rendered":"https:\/\/www.mchale.net\/products\/fusion-vario-plus\/"},"modified":"2026-01-14T10:36:20","modified_gmt":"2026-01-14T10:36:20","slug":"fusion-vario-plus","status":"publish","type":"product","link":"https:\/\/www.mchale.net\/hu\/products\/fusion-vario-plus\/","title":{"rendered":"Fusion Vario Plus"},"content":{"rendered":"<p>V\u00e1ltoz\u00f3 kamr\u00e1s integr\u00e1lt b\u00e1l\u00e1z\u00f3 csomagol\u00f3g\u00e9p<\/p>\n","protected":false},"excerpt":{"rendered":"<p>V\u00e1ltoz\u00f3 kamr\u00e1s integr\u00e1lt b\u00e1l\u00e1z\u00f3 csomagol\u00f3g\u00e9p<\/p>\n","protected":false},"author":5,"featured_media":72192,"menu_order":47,"comment_status":"open","ping_status":"open","template":"","format":"standard","meta":{"_acf_changed":false,"footnotes":""},"product-categories":[469],"class_list":["post-122051","product","type-product","status-publish","format-standard","has-post-thumbnail","hentry","product-categories-integrated-baler-wrappers-hu"],"acf":[],"_links":{"self":[{"href":"https:\/\/www.mchale.net\/hu\/wp-json\/wp\/v2\/product\/122051","targetHints":{"allow":["GET"]}}],"collection":[{"href":"https:\/\/www.mchale.net\/hu\/wp-json\/wp\/v2\/product"}],"about":[{"href":"https:\/\/www.mchale.net\/hu\/wp-json\/wp\/v2\/types\/product"}],"author":[{"embeddable":true,"href":"https:\/\/www.mchale.net\/hu\/wp-json\/wp\/v2\/users\/5"}],"replies":[{"embeddable":true,"href":"https:\/\/www.mchale.net\/hu\/wp-json\/wp\/v2\/comments?post=122051"}],"version-history":[{"count":3,"href":"https:\/\/www.mchale.net\/hu\/wp-json\/wp\/v2\/product\/122051\/revisions"}],"predecessor-version":[{"id":125822,"href":"https:\/\/www.mchale.net\/hu\/wp-json\/wp\/v2\/product\/122051\/revisions\/125822"}],"wp:featuredmedia":[{"embeddable":true,"href":"https:\/\/www.mchale.net\/hu\/wp-json\/wp\/v2\/media\/72192"}],"wp:attachment":[{"href":"https:\/\/www.mchale.net\/hu\/wp-json\/wp\/v2\/media?parent=122051"}],"wp:term":[{"taxonomy":"product-categories","embeddable":true,"href":"https:\/\/www.mchale.net\/hu\/wp-json\/wp\/v2\/product-categories?post=122051"}],"curies":[{"name":"wp","href":"https:\/\/api.w.org\/{rel}","templated":true}]}}