{"id":124316,"date":"2025-09-15T11:38:42","date_gmt":"2025-09-15T11:38:42","guid":{"rendered":"https:\/\/www.mchale.net\/products\/r80-90\/"},"modified":"2026-01-15T13:13:52","modified_gmt":"2026-01-15T13:13:52","slug":"r80-90","status":"publish","type":"product","link":"https:\/\/www.mchale.net\/hu\/products\/r80-90\/","title":{"rendered":"R80-90"},"content":{"rendered":"<p>K\u00f6z\u00e9prendk\u00e9pz\u0151<\/p>\n","protected":false},"excerpt":{"rendered":"<p>K\u00f6z\u00e9prendk\u00e9pz\u0151<\/p>\n","protected":false},"author":5,"featured_media":124331,"menu_order":44,"comment_status":"open","ping_status":"open","template":"","format":"standard","meta":{"_acf_changed":false,"footnotes":""},"product-categories":[260],"class_list":["post-124316","product","type-product","status-publish","format-standard","has-post-thumbnail","hentry","product-categories-rake-range-hu"],"acf":[],"_links":{"self":[{"href":"https:\/\/www.mchale.net\/hu\/wp-json\/wp\/v2\/product\/124316","targetHints":{"allow":["GET"]}}],"collection":[{"href":"https:\/\/www.mchale.net\/hu\/wp-json\/wp\/v2\/product"}],"about":[{"href":"https:\/\/www.mchale.net\/hu\/wp-json\/wp\/v2\/types\/product"}],"author":[{"embeddable":true,"href":"https:\/\/www.mchale.net\/hu\/wp-json\/wp\/v2\/users\/5"}],"replies":[{"embeddable":true,"href":"https:\/\/www.mchale.net\/hu\/wp-json\/wp\/v2\/comments?post=124316"}],"version-history":[{"count":3,"href":"https:\/\/www.mchale.net\/hu\/wp-json\/wp\/v2\/product\/124316\/revisions"}],"predecessor-version":[{"id":125843,"href":"https:\/\/www.mchale.net\/hu\/wp-json\/wp\/v2\/product\/124316\/revisions\/125843"}],"wp:featuredmedia":[{"embeddable":true,"href":"https:\/\/www.mchale.net\/hu\/wp-json\/wp\/v2\/media\/124331"}],"wp:attachment":[{"href":"https:\/\/www.mchale.net\/hu\/wp-json\/wp\/v2\/media?parent=124316"}],"wp:term":[{"taxonomy":"product-categories","embeddable":true,"href":"https:\/\/www.mchale.net\/hu\/wp-json\/wp\/v2\/product-categories?post=124316"}],"curies":[{"name":"wp","href":"https:\/\/api.w.org\/{rel}","templated":true}]}}