{"id":125196,"date":"2023-11-07T14:17:04","date_gmt":"2023-11-07T14:17:04","guid":{"rendered":"https:\/\/www.mchale.net\/products\/v8960-ii\/"},"modified":"2026-01-14T10:11:02","modified_gmt":"2026-01-14T10:11:02","slug":"v8960-ii","status":"publish","type":"product","link":"https:\/\/www.mchale.net\/hu\/products\/v8960-ii\/","title":{"rendered":"V8960-II"},"content":{"rendered":"<p>Teljesen automatikus, nagy kapacit\u00e1s\u00fa apr\u00edt\u00f3g\u00e9pes b\u00e1l\u00e1z\u00f3g\u00e9p<\/p>\n","protected":false},"excerpt":{"rendered":"<p>Teljesen automatikus, nagy kapacit\u00e1s\u00fa apr\u00edt\u00f3g\u00e9pes b\u00e1l\u00e1z\u00f3g\u00e9p<\/p>\n","protected":false},"author":5,"featured_media":125158,"menu_order":40,"comment_status":"open","ping_status":"open","template":"","format":"standard","meta":{"_acf_changed":false,"footnotes":""},"product-categories":[196],"class_list":["post-125196","product","type-product","status-publish","format-standard","has-post-thumbnail","hentry","product-categories-variable-chamber-round-balers-hu"],"acf":[],"_links":{"self":[{"href":"https:\/\/www.mchale.net\/hu\/wp-json\/wp\/v2\/product\/125196","targetHints":{"allow":["GET"]}}],"collection":[{"href":"https:\/\/www.mchale.net\/hu\/wp-json\/wp\/v2\/product"}],"about":[{"href":"https:\/\/www.mchale.net\/hu\/wp-json\/wp\/v2\/types\/product"}],"author":[{"embeddable":true,"href":"https:\/\/www.mchale.net\/hu\/wp-json\/wp\/v2\/users\/5"}],"replies":[{"embeddable":true,"href":"https:\/\/www.mchale.net\/hu\/wp-json\/wp\/v2\/comments?post=125196"}],"version-history":[{"count":2,"href":"https:\/\/www.mchale.net\/hu\/wp-json\/wp\/v2\/product\/125196\/revisions"}],"predecessor-version":[{"id":125804,"href":"https:\/\/www.mchale.net\/hu\/wp-json\/wp\/v2\/product\/125196\/revisions\/125804"}],"wp:featuredmedia":[{"embeddable":true,"href":"https:\/\/www.mchale.net\/hu\/wp-json\/wp\/v2\/media\/125158"}],"wp:attachment":[{"href":"https:\/\/www.mchale.net\/hu\/wp-json\/wp\/v2\/media?parent=125196"}],"wp:term":[{"taxonomy":"product-categories","embeddable":true,"href":"https:\/\/www.mchale.net\/hu\/wp-json\/wp\/v2\/product-categories?post=125196"}],"curies":[{"name":"wp","href":"https:\/\/api.w.org\/{rel}","templated":true}]}}