{"id":32525,"date":"2022-05-16T10:24:51","date_gmt":"2022-05-16T10:24:51","guid":{"rendered":"https:\/\/www.mchale.net\/products\/r62-72\/"},"modified":"2026-01-15T13:13:01","modified_gmt":"2026-01-15T13:13:01","slug":"r62-72","status":"publish","type":"product","link":"https:\/\/www.mchale.net\/hu\/products\/r62-72\/","title":{"rendered":"R62-72"},"content":{"rendered":"<p>K\u00f6z\u00e9prendk\u00e9pz\u0151<\/p>\n","protected":false},"excerpt":{"rendered":"<p>K\u00f6z\u00e9prendk\u00e9pz\u0151<\/p>\n","protected":false},"author":3,"featured_media":124146,"menu_order":42,"comment_status":"open","ping_status":"open","template":"","format":"standard","meta":{"_acf_changed":false,"footnotes":""},"product-categories":[260],"class_list":["post-32525","product","type-product","status-publish","format-standard","has-post-thumbnail","hentry","product-categories-rake-range-hu"],"acf":[],"_links":{"self":[{"href":"https:\/\/www.mchale.net\/hu\/wp-json\/wp\/v2\/product\/32525","targetHints":{"allow":["GET"]}}],"collection":[{"href":"https:\/\/www.mchale.net\/hu\/wp-json\/wp\/v2\/product"}],"about":[{"href":"https:\/\/www.mchale.net\/hu\/wp-json\/wp\/v2\/types\/product"}],"author":[{"embeddable":true,"href":"https:\/\/www.mchale.net\/hu\/wp-json\/wp\/v2\/users\/3"}],"replies":[{"embeddable":true,"href":"https:\/\/www.mchale.net\/hu\/wp-json\/wp\/v2\/comments?post=32525"}],"version-history":[{"count":6,"href":"https:\/\/www.mchale.net\/hu\/wp-json\/wp\/v2\/product\/32525\/revisions"}],"predecessor-version":[{"id":125841,"href":"https:\/\/www.mchale.net\/hu\/wp-json\/wp\/v2\/product\/32525\/revisions\/125841"}],"wp:featuredmedia":[{"embeddable":true,"href":"https:\/\/www.mchale.net\/hu\/wp-json\/wp\/v2\/media\/124146"}],"wp:attachment":[{"href":"https:\/\/www.mchale.net\/hu\/wp-json\/wp\/v2\/media?parent=32525"}],"wp:term":[{"taxonomy":"product-categories","embeddable":true,"href":"https:\/\/www.mchale.net\/hu\/wp-json\/wp\/v2\/product-categories?post=32525"}],"curies":[{"name":"wp","href":"https:\/\/api.w.org\/{rel}","templated":true}]}}