{"id":32527,"date":"2022-05-16T10:51:32","date_gmt":"2022-05-16T10:51:32","guid":{"rendered":"https:\/\/www.mchale.net\/products\/r68-78\/"},"modified":"2026-01-15T13:13:24","modified_gmt":"2026-01-15T13:13:24","slug":"r68-78","status":"publish","type":"product","link":"https:\/\/www.mchale.net\/hu\/products\/r68-78\/","title":{"rendered":"R68-78"},"content":{"rendered":"<p>K\u00f6z\u00e9prendk\u00e9pz\u0151<\/p>\n","protected":false},"excerpt":{"rendered":"<p>K\u00f6z\u00e9prendk\u00e9pz\u0151<\/p>\n","protected":false},"author":3,"featured_media":26853,"menu_order":43,"comment_status":"open","ping_status":"open","template":"","format":"standard","meta":{"_acf_changed":false,"footnotes":""},"product-categories":[260],"class_list":["post-32527","product","type-product","status-publish","format-standard","has-post-thumbnail","hentry","product-categories-rake-range-hu"],"acf":[],"_links":{"self":[{"href":"https:\/\/www.mchale.net\/hu\/wp-json\/wp\/v2\/product\/32527","targetHints":{"allow":["GET"]}}],"collection":[{"href":"https:\/\/www.mchale.net\/hu\/wp-json\/wp\/v2\/product"}],"about":[{"href":"https:\/\/www.mchale.net\/hu\/wp-json\/wp\/v2\/types\/product"}],"author":[{"embeddable":true,"href":"https:\/\/www.mchale.net\/hu\/wp-json\/wp\/v2\/users\/3"}],"replies":[{"embeddable":true,"href":"https:\/\/www.mchale.net\/hu\/wp-json\/wp\/v2\/comments?post=32527"}],"version-history":[{"count":5,"href":"https:\/\/www.mchale.net\/hu\/wp-json\/wp\/v2\/product\/32527\/revisions"}],"predecessor-version":[{"id":125842,"href":"https:\/\/www.mchale.net\/hu\/wp-json\/wp\/v2\/product\/32527\/revisions\/125842"}],"wp:featuredmedia":[{"embeddable":true,"href":"https:\/\/www.mchale.net\/hu\/wp-json\/wp\/v2\/media\/26853"}],"wp:attachment":[{"href":"https:\/\/www.mchale.net\/hu\/wp-json\/wp\/v2\/media?parent=32527"}],"wp:term":[{"taxonomy":"product-categories","embeddable":true,"href":"https:\/\/www.mchale.net\/hu\/wp-json\/wp\/v2\/product-categories?post=32527"}],"curies":[{"name":"wp","href":"https:\/\/api.w.org\/{rel}","templated":true}]}}