{"id":32529,"date":"2022-05-20T11:52:21","date_gmt":"2022-05-20T11:52:21","guid":{"rendered":"https:\/\/www.mchale.net\/products\/c460-balabonto\/"},"modified":"2023-04-12T15:32:51","modified_gmt":"2023-04-12T15:32:51","slug":"c460-balabonto","status":"publish","type":"product","link":"https:\/\/www.mchale.net\/hu\/products\/c460-balabonto\/","title":{"rendered":"C460 vontatott"},"content":{"rendered":"<p>b\u00e1labont\u00f3-kioszt\u00f3<\/p>\n","protected":false},"excerpt":{"rendered":"<p>b\u00e1labont\u00f3-kioszt\u00f3<\/p>\n","protected":false},"author":1,"featured_media":14537,"menu_order":4,"comment_status":"open","ping_status":"open","template":"","format":"standard","meta":{"_acf_changed":false,"footnotes":""},"product-categories":[220],"class_list":["post-32529","product","type-product","status-publish","format-standard","has-post-thumbnail","hentry","product-categories-straw-blower-bale-feeder-range-hu"],"acf":[],"_links":{"self":[{"href":"https:\/\/www.mchale.net\/hu\/wp-json\/wp\/v2\/product\/32529","targetHints":{"allow":["GET"]}}],"collection":[{"href":"https:\/\/www.mchale.net\/hu\/wp-json\/wp\/v2\/product"}],"about":[{"href":"https:\/\/www.mchale.net\/hu\/wp-json\/wp\/v2\/types\/product"}],"author":[{"embeddable":true,"href":"https:\/\/www.mchale.net\/hu\/wp-json\/wp\/v2\/users\/1"}],"replies":[{"embeddable":true,"href":"https:\/\/www.mchale.net\/hu\/wp-json\/wp\/v2\/comments?post=32529"}],"version-history":[{"count":8,"href":"https:\/\/www.mchale.net\/hu\/wp-json\/wp\/v2\/product\/32529\/revisions"}],"predecessor-version":[{"id":68001,"href":"https:\/\/www.mchale.net\/hu\/wp-json\/wp\/v2\/product\/32529\/revisions\/68001"}],"wp:featuredmedia":[{"embeddable":true,"href":"https:\/\/www.mchale.net\/hu\/wp-json\/wp\/v2\/media\/14537"}],"wp:attachment":[{"href":"https:\/\/www.mchale.net\/hu\/wp-json\/wp\/v2\/media?parent=32529"}],"wp:term":[{"taxonomy":"product-categories","embeddable":true,"href":"https:\/\/www.mchale.net\/hu\/wp-json\/wp\/v2\/product-categories?post=32529"}],"curies":[{"name":"wp","href":"https:\/\/api.w.org\/{rel}","templated":true}]}}