{"id":32531,"date":"2022-05-20T12:25:36","date_gmt":"2022-05-20T12:25:36","guid":{"rendered":"https:\/\/www.mchale.net\/products\/c470-balabonto\/"},"modified":"2023-04-12T15:33:12","modified_gmt":"2023-04-12T15:33:12","slug":"c470-balabonto","status":"publish","type":"product","link":"https:\/\/www.mchale.net\/hu\/products\/c470-balabonto\/","title":{"rendered":"C470 vontatott"},"content":{"rendered":"<p>b\u00e1labont\u00f3-kioszt\u00f3<\/p>\n","protected":false},"excerpt":{"rendered":"<p>b\u00e1labont\u00f3-kioszt\u00f3<\/p>\n","protected":false},"author":1,"featured_media":14750,"menu_order":5,"comment_status":"open","ping_status":"open","template":"","format":"standard","meta":{"_acf_changed":false,"footnotes":""},"product-categories":[220],"class_list":["post-32531","product","type-product","status-publish","format-standard","has-post-thumbnail","hentry","product-categories-straw-blower-bale-feeder-range-hu"],"acf":[],"_links":{"self":[{"href":"https:\/\/www.mchale.net\/hu\/wp-json\/wp\/v2\/product\/32531","targetHints":{"allow":["GET"]}}],"collection":[{"href":"https:\/\/www.mchale.net\/hu\/wp-json\/wp\/v2\/product"}],"about":[{"href":"https:\/\/www.mchale.net\/hu\/wp-json\/wp\/v2\/types\/product"}],"author":[{"embeddable":true,"href":"https:\/\/www.mchale.net\/hu\/wp-json\/wp\/v2\/users\/1"}],"replies":[{"embeddable":true,"href":"https:\/\/www.mchale.net\/hu\/wp-json\/wp\/v2\/comments?post=32531"}],"version-history":[{"count":6,"href":"https:\/\/www.mchale.net\/hu\/wp-json\/wp\/v2\/product\/32531\/revisions"}],"predecessor-version":[{"id":68002,"href":"https:\/\/www.mchale.net\/hu\/wp-json\/wp\/v2\/product\/32531\/revisions\/68002"}],"wp:featuredmedia":[{"embeddable":true,"href":"https:\/\/www.mchale.net\/hu\/wp-json\/wp\/v2\/media\/14750"}],"wp:attachment":[{"href":"https:\/\/www.mchale.net\/hu\/wp-json\/wp\/v2\/media?parent=32531"}],"wp:term":[{"taxonomy":"product-categories","embeddable":true,"href":"https:\/\/www.mchale.net\/hu\/wp-json\/wp\/v2\/product-categories?post=32531"}],"curies":[{"name":"wp","href":"https:\/\/api.w.org\/{rel}","templated":true}]}}